{"id":931,"date":"2019-09-12T10:55:57","date_gmt":"2019-09-12T10:55:57","guid":{"rendered":"https:\/\/ruvisa.me\/?page_id=931"},"modified":"2021-10-26T20:40:38","modified_gmt":"2021-10-26T20:40:38","slug":"convite-de-negocios","status":"publish","type":"page","link":"https:\/\/ruvisa.me\/pt\/convite-de-negocios\/","title":{"rendered":"Convite de neg\u00f3cios"},"content":{"rendered":"<section class=\"section\" id=\"section_1898825699\">\n\t\t<div class=\"section-bg fill\" >\n\t\t\t\t\t\t\t\t\t\n\t\t\t\n\n\t\t<\/div>\n\n\t\t\n\n\t\t<div class=\"section-content relative\">\n\t\t\t\n\n<div class=\"row row-large align-equal align-center\"  id=\"row-2135392265\">\n\n\n\t<div id=\"col-1906596603\" class=\"col small-12 large-12\"  >\n\t\t\t\t<div class=\"col-inner\"  >\n\t\t\t\n\t\t\t\n\n<div class=\"row align-equal align-center\"  id=\"row-298793060\">\n\n\n\t<div id=\"col-1009982026\" class=\"col medium-7 small-12 large-8\"  >\n\t\t\t\t<div class=\"col-inner\" style=\"background-color:rgb(247, 247, 247);\" >\n\t\t\t\n\t\t\t\n\n\n\t\t<div class=\"icon-box featured-box icon-box-center text-center\"  >\n\t\t\t\t\t<div class=\"icon-box-img\" style=\"width: 100px\">\n\t\t\t\t<div class=\"icon\">\n\t\t\t\t\t<div class=\"icon-inner\" style=\"color:rgb(217, 143, 143);\">\n\t\t\t\t\t\t<img loading=\"lazy\" decoding=\"async\" width=\"220\" height=\"220\" src=\"https:\/\/ruvisa.me\/wp-content\/uploads\/2021\/10\/Frame-9-1.png\" class=\"attachment-medium size-medium\" alt=\"\" srcset=\"https:\/\/ruvisa.me\/wp-content\/uploads\/2021\/10\/Frame-9-1.png 220w, https:\/\/ruvisa.me\/wp-content\/uploads\/2021\/10\/Frame-9-1-50x50.png 50w, https:\/\/ruvisa.me\/wp-content\/uploads\/2021\/10\/Frame-9-1-100x100.png 100w, https:\/\/ruvisa.me\/wp-content\/uploads\/2021\/10\/Frame-9-1-150x150.png 150w, https:\/\/ruvisa.me\/wp-content\/uploads\/2021\/10\/Frame-9-1-24x24.png 24w, https:\/\/ruvisa.me\/wp-content\/uploads\/2021\/10\/Frame-9-1-36x36.png 36w, https:\/\/ruvisa.me\/wp-content\/uploads\/2021\/10\/Frame-9-1-48x48.png 48w\" sizes=\"auto, (max-width: 220px) 100vw, 220px\">\t\t\t\t\t<\/div>\n\t\t\t\t<\/div>\n\t\t\t<\/div>\n\t\t\t\t<div class=\"icon-box-text last-reset\">\n\t\t\t\t\t\t\t\t\t\n\n<h4><span style=\"color: #003366;\">Convite em papel timbrado da empresa autorizada pelo Servi\u00e7o de Migra\u00e7\u00e3o Russo<\/span><\/h4>\n<p>Processado em <strong>48 horas<\/strong><\/p>\n\t<div id=\"gap-266232645\" class=\"gap-element clearfix\" style=\"display:block; height:auto;\">\n\t\t\n<style>\n#gap-266232645 {\n  padding-top: 25px;\n}\n<\/style>\n\t<\/div>\n\t\n\n<a href=\"https:\/\/ruvisa.me\/pt\/empresa2\/\" class=\"button primary is-small lowercase\"  style=\"border-radius:99px;padding:7px 20px 7px 20px;\">\n\t\t<span>Candidatar-se ao convite<\/span>\n\t<\/a>\n\n\n\n\t\t<\/div>\n\t<\/div>\n\t\n\t\n\n\t\t<\/div>\n\t\t\t\t\t<\/div>\n\n\t\n\n\t<div id=\"col-1454049732\" class=\"col medium-7 small-12 large-8\"  >\n\t\t\t\t<div class=\"col-inner\" style=\"background-color:rgb(247, 247, 247);\" >\n\t\t\t\n\t\t\t\n\n\n\t\t<div class=\"icon-box featured-box icon-box-center text-center\"  >\n\t\t\t\t\t<div class=\"icon-box-img\" style=\"width: 100px\">\n\t\t\t\t<div class=\"icon\">\n\t\t\t\t\t<div class=\"icon-inner\" style=\"color:rgb(217, 143, 143);\">\n\t\t\t\t\t\t<img loading=\"lazy\" decoding=\"async\" width=\"220\" height=\"220\" src=\"https:\/\/ruvisa.me\/wp-content\/uploads\/2021\/10\/Frame-8.png\" class=\"attachment-medium size-medium\" alt=\"\" srcset=\"https:\/\/ruvisa.me\/wp-content\/uploads\/2021\/10\/Frame-8.png 220w, https:\/\/ruvisa.me\/wp-content\/uploads\/2021\/10\/Frame-8-50x50.png 50w, https:\/\/ruvisa.me\/wp-content\/uploads\/2021\/10\/Frame-8-100x100.png 100w, https:\/\/ruvisa.me\/wp-content\/uploads\/2021\/10\/Frame-8-150x150.png 150w, https:\/\/ruvisa.me\/wp-content\/uploads\/2021\/10\/Frame-8-24x24.png 24w, https:\/\/ruvisa.me\/wp-content\/uploads\/2021\/10\/Frame-8-36x36.png 36w, https:\/\/ruvisa.me\/wp-content\/uploads\/2021\/10\/Frame-8-48x48.png 48w\" sizes=\"auto, (max-width: 220px) 100vw, 220px\">\t\t\t\t\t<\/div>\n\t\t\t\t<\/div>\n\t\t\t<\/div>\n\t\t\t\t<div class=\"icon-box-text last-reset\">\n\t\t\t\t\t\t\t\t\t\n\n<h4><span style=\"color: #003366;\">Convite do Servi\u00e7o Federal de Migra\u00e7\u00e3o (eletr\u00f3nico - eFMS) para pa\u00edses favor\u00e1veis<\/span><\/h4>\n<p>Abc\u00e1sia, Arm\u00e9nia, Austr\u00e1lia, \u00c1ustria, Azerbaij\u00e3o, Bielorr\u00fassia, B\u00e9lgica, Bulg\u00e1ria, Canad\u00e1, Cro\u00e1cia, Cuba, Rep\u00fablica Checa, Dinamarca, Egito, Est\u00f3nia, Finl\u00e2ndia, Fran\u00e7a, Alemanha, Gr\u00e9cia, Gronel\u00e2ndia, Hungria, Isl\u00e2ndia, \u00cdndia, Irlanda, It\u00e1lia, Jap\u00e3o, Cazaquist\u00e3o, Quirguizist\u00e3o, Let\u00f3nia, Litu\u00e2nia, Luxemburgo, Maldivas, Malta, M\u00e9xico, Montenegro, Pa\u00edses Baixos, Nova Zel\u00e2ndia, Noruega, Pol\u00f3nia, Portugal, Qatar, Rom\u00e9nia, Ar\u00e1bia Saudita, S\u00e9rvia, Seicheles, Singapura, Eslov\u00e1quia, Eslov\u00e9nia, Coreia do Sul, Espanha, Sri Lanka, Su\u00e9cia, Su\u00ed\u00e7a, Tajiquist\u00e3o, Emirados \u00c1rabes Unidos, Reino Unido, Estados Unidos, Usbequist\u00e3o, Vietname<\/p>\n<p>Processado entre 12 e 25 dias<\/p>\n\t<div id=\"gap-1225909410\" class=\"gap-element clearfix\" style=\"display:block; height:auto;\">\n\t\t\n<style>\n#gap-1225909410 {\n  padding-top: 25px;\n}\n<\/style>\n\t<\/div>\n\t\n\n<a class=\"button primary\"  style=\"border-radius:99px;padding:7px 30px 7px 30px;\">\n\t\t<span>N\u00e3o dispon\u00edvel<\/span>\n\t<\/a>\n\n\n\n\t\t<\/div>\n\t<\/div>\n\t\n\t\n\n\t\t<\/div>\n\t\t\t\t\t<\/div>\n\n\t\n\n\n<style>\n#row-298793060 > .col > .col-inner {\n  padding: 40px 40px 50px 40px;\n  background-color: rgb(255,255,255);\n  border-radius: 15px;\n}\n@media (min-width:550px) {\n  #row-298793060 > .col > .col-inner {\n    padding: 20px 20px 40px 20px;\n  }\n}\n@media (min-width:850px) {\n  #row-298793060 > .col > .col-inner {\n    padding: 40px 40px 40px 40px;\n  }\n}\n<\/style>\n<\/div>\n\n\t\t<\/div>\n\t\t\t\t\t<\/div>\n\n\t\n\n<\/div>\n\n\t\t<\/div>\n\n\t\t\n<style>\n#section_1898825699 {\n  padding-top: 40px;\n  padding-bottom: 40px;\n}\n@media (min-width:850px) {\n  #section_1898825699 {\n    padding-top: 60px;\n    padding-bottom: 60px;\n  }\n}\n<\/style>\n\t<\/section>","protected":false},"excerpt":{"rendered":"","protected":false},"author":1,"featured_media":0,"parent":0,"menu_order":0,"comment_status":"closed","ping_status":"closed","template":"","meta":{"footnotes":""},"class_list":["post-931","page","type-page","status-publish","hentry"],"_links":{"self":[{"href":"https:\/\/ruvisa.me\/pt\/wp-json\/wp\/v2\/pages\/931","targetHints":{"allow":["GET"]}}],"collection":[{"href":"https:\/\/ruvisa.me\/pt\/wp-json\/wp\/v2\/pages"}],"about":[{"href":"https:\/\/ruvisa.me\/pt\/wp-json\/wp\/v2\/types\/page"}],"author":[{"embeddable":true,"href":"https:\/\/ruvisa.me\/pt\/wp-json\/wp\/v2\/users\/1"}],"replies":[{"embeddable":true,"href":"https:\/\/ruvisa.me\/pt\/wp-json\/wp\/v2\/comments?post=931"}],"version-history":[{"count":0,"href":"https:\/\/ruvisa.me\/pt\/wp-json\/wp\/v2\/pages\/931\/revisions"}],"wp:attachment":[{"href":"https:\/\/ruvisa.me\/pt\/wp-json\/wp\/v2\/media?parent=931"}],"curies":[{"name":"wp","href":"https:\/\/api.w.org\/{rel}","templated":true}]}}