{"id":4070,"date":"2021-11-17T10:16:10","date_gmt":"2021-11-17T10:16:10","guid":{"rendered":"https:\/\/ruvisa.me\/?page_id=4070"},"modified":"2023-07-14T07:21:24","modified_gmt":"2023-07-14T07:21:24","slug":"requisitos-em-materia-de-vistos","status":"publish","type":"page","link":"https:\/\/ruvisa.me\/pt\/requisitos-em-materia-de-vistos\/","title":{"rendered":"Requisitos de visto"},"content":{"rendered":"<section class=\"section\" id=\"section_943928085\">\n\t\t<div class=\"section-bg fill\" >\n\t\t\t\t\t\t\t\t\t\n\t\t\t\n\n\t\t<\/div>\n\n\t\t\n\n\t\t<div class=\"section-content relative\">\n\t\t\t\n<div class=\"row\"  id=\"row-182117820\">\n\n\t<div id=\"col-1228983781\" class=\"col small-12 large-12\"  >\n\t\t\t\t<div class=\"col-inner\"  >\n\t\t\t\n\t\t\t\n<div class=\"row align-center\"  id=\"row-1404197024\">\n\n\t<div id=\"col-1772160472\" class=\"col medium-11 small-10 large-11\"  >\n\t\t\t\t<div class=\"col-inner text-center\"  >\n\t\t\t\n\t\t\t\n<div class=\"container section-title-container\" style=\"margin-bottom:0px;max-width:80%;\"><h3 class=\"section-title section-title-center\"><b><\/b><span class=\"section-title-main\" style=\"font-size:60%;\">apoio na obten\u00e7\u00e3o de vistos<\/span><b><\/b><\/h3><\/div>\n\t<div id=\"text-2584384256\" class=\"text\">\n\t\t\n<h2>Como funciona:<\/h2>\n\t\t\n<style>\n#text-2584384256 {\n  line-height: 1.65;\n}\n<\/style>\n\t<\/div>\n\t\n\t<div id=\"gap-1954301150\" class=\"gap-element clearfix\" style=\"display:block; height:auto;\">\n\t\t\n<style>\n#gap-1954301150 {\n  padding-top: 40px;\n}\n<\/style>\n\t<\/div>\n\t\n<div class=\"row row-divided\"  id=\"row-956590614\">\n\n\t<div id=\"col-1973767488\" class=\"col medium-4 small-12 large-4\"  >\n\t\t\t\t<div class=\"col-inner\"  >\n\t\t\t\n\t\t\t\n<h3>Visto eletr\u00f3nico<\/h3>\n<p>Candidate-se facilmente em linha no s\u00edtio do nosso parceiro, preenchendo o formul\u00e1rio.<br \/>A sua candidatura \u00e9 processada pelo nosso parceiro sem qualquer custo adicional para si.<br \/>Apresente o seu passaporte e o documento que recebeu do nosso parceiro no pa\u00eds de destino.<\/p>\n\t\t<\/div>\n\t\t\t\t\t<\/div>\n\n\t\n\n\t<div id=\"col-1706375770\" class=\"col medium-4 small-12 large-4\"  >\n\t\t\t\t<div class=\"col-inner\"  >\n\t\t\t\n\t\t\t\n<h3>Visto eletr\u00f3nico \u00e0 chegada<\/h3>\n<p>Candidate-se facilmente em linha no s\u00edtio do nosso parceiro, preenchendo o formul\u00e1rio.<br \/>A sua candidatura \u00e9 processada pelo nosso parceiro sem qualquer custo adicional para si.<br \/>Apresente o seu passaporte e o documento que recebeu do nosso parceiro no pa\u00eds de destino e obtenha um visto.<\/p>\n\t\t<\/div>\n\t\t\t\t\t<\/div>\n\n\t\n\n\t<div id=\"col-1381117872\" class=\"col medium-4 small-12 large-4\"  >\n\t\t\t\t<div class=\"col-inner\"  >\n\t\t\t\n\t\t\t\n<h3>Declara\u00e7\u00e3o de sa\u00fade<\/h3>\n<p>Candidate-se facilmente em linha no s\u00edtio do nosso parceiro, preenchendo o formul\u00e1rio.<br \/>A sua candidatura \u00e9 processada pelo nosso parceiro sem qualquer custo adicional para si.<br \/>Apresente o seu passaporte e a declara\u00e7\u00e3o de sa\u00fade que recebeu do nosso parceiro no pa\u00eds de destino.<\/p>\n\t\t<\/div>\n\t\t\t\t\t<\/div>\n\n\t\n<\/div>\n\t\t<\/div>\n\t\t\t\t\n<style>\n#col-1772160472 > .col-inner {\n  padding: 50px 0px 0px 0px;\n  margin: 0px 0px -20px 0px;\n}\n@media (min-width:550px) {\n  #col-1772160472 > .col-inner {\n    margin: 0px 0px -20px 0px;\n  }\n}\n<\/style>\n\t<\/div>\n\n\t\n\n\t<div id=\"col-1016863474\" class=\"col medium-7 small-12 large-7\"  >\n\t\t\t\t<div class=\"col-inner text-center\"  >\n\t\t\t\n\t\t\t\n\t<div id=\"text-2493066566\" class=\"text\">\n\t\t\n<h3>Preparado?<\/h3>\n\t\t\n<style>\n#text-2493066566 {\n  line-height: 0.75;\n}\n<\/style>\n\t<\/div>\n\t\n\n<p><iframe style=\"border: none!important; padding:0!important; overflow:hidden; width: 346px; height:310px;\" src=\"https:\/\/www.ivisa.com\/widgets\/visa-checker?utm_source=ruvisa&#038;background_color=bg-blue-widget&#038;widget_width=336&#038;widget_height=280\" allowtransparency=\"true\"><\/iframe><br \/>\n\n\t\t<\/div>\n\t\t\t\t\t<\/div>\n\n\t\n<\/div>\n\t\t<\/div>\n\t\t\t\t\t<\/div>\n\n\t\n<\/div>\n\t\t<\/div>\n\n\t\t\n<style>\n#section_943928085 {\n  padding-top: 60px;\n  padding-bottom: 60px;\n}\n<\/style>\n\t<\/section>","protected":false},"excerpt":{"rendered":"","protected":false},"author":1,"featured_media":0,"parent":0,"menu_order":0,"comment_status":"closed","ping_status":"closed","template":"","meta":{"footnotes":""},"class_list":["post-4070","page","type-page","status-publish","hentry"],"_links":{"self":[{"href":"https:\/\/ruvisa.me\/pt\/wp-json\/wp\/v2\/pages\/4070","targetHints":{"allow":["GET"]}}],"collection":[{"href":"https:\/\/ruvisa.me\/pt\/wp-json\/wp\/v2\/pages"}],"about":[{"href":"https:\/\/ruvisa.me\/pt\/wp-json\/wp\/v2\/types\/page"}],"author":[{"embeddable":true,"href":"https:\/\/ruvisa.me\/pt\/wp-json\/wp\/v2\/users\/1"}],"replies":[{"embeddable":true,"href":"https:\/\/ruvisa.me\/pt\/wp-json\/wp\/v2\/comments?post=4070"}],"version-history":[{"count":0,"href":"https:\/\/ruvisa.me\/pt\/wp-json\/wp\/v2\/pages\/4070\/revisions"}],"wp:attachment":[{"href":"https:\/\/ruvisa.me\/pt\/wp-json\/wp\/v2\/media?parent=4070"}],"curies":[{"name":"wp","href":"https:\/\/api.w.org\/{rel}","templated":true}]}}