{"id":36,"date":"2019-07-29T17:04:47","date_gmt":"2019-07-29T17:04:47","guid":{"rendered":"https:\/\/ruvisa.me\/?page_id=36"},"modified":"2026-02-16T20:37:16","modified_gmt":"2026-02-16T20:37:16","slug":"termos","status":"publish","type":"page","link":"https:\/\/ruvisa.me\/pt\/termos\/","title":{"rendered":"Termos do servi\u00e7o"},"content":{"rendered":"<p>Ao iniciar o pedido de documentos comprovativos de visto, o utilizador aceita as condi\u00e7\u00f5es de servi\u00e7o abaixo indicadas:<\/p>\n\n\n\n<p>1. Os documentos de apoio ao visto pagos em linha s\u00e3o solicitados atrav\u00e9s dos nossos operadores tur\u00edsticos acreditados, \u201ciVisa, LLC\u201d, \u201cLLC Corvinus Travel\u201d e \u201cIVA Travel Partners\u201d, e fornecidos neste s\u00edtio Web atrav\u00e9s da Eutraverse Ventures.<\/p>\n\n\n\n<p>2. A Eutraverse Ventures compromete-se a fornecer o Apoio ao Visto que deve ser apresentado 30 dias antes da obten\u00e7\u00e3o de um visto tur\u00edstico para a R\u00fassia ou Ucr\u00e2nia. Este documento n\u00e3o \u00e9 um visto. \u00c9 um documento necess\u00e1rio para requerer um visto de entrada no territ\u00f3rio da Federa\u00e7\u00e3o Russa ou da Ucr\u00e2nia; n\u00e3o garante a emiss\u00e3o de um visto para a R\u00fassia ou para a Ucr\u00e2nia.<\/p>\n\n\n\n<p>3. A Eutraverse Ventures envia o apoio ao visto em formato PDF. O documento ser\u00e1 enviado para o endere\u00e7o de correio eletr\u00f3nico especificado durante o preenchimento do formul\u00e1rio de candidatura. Enviamos a c\u00f3pia original do convite da Ucr\u00e2nia para o endere\u00e7o especificado. J\u00e1 n\u00e3o enviamos a c\u00f3pia original do convite russo, uma vez que os consulados russos na maioria dos pa\u00edses aceitam a c\u00f3pia impressa em PDF.<\/p>\n\n\n\n<p>4. A Eutraverse Ventures N\u00c3O \u00e9 respons\u00e1vel pela n\u00e3o emiss\u00e3o de um visto para a R\u00fassia ou para a Ucr\u00e2nia. A decis\u00e3o sobre essa mat\u00e9ria \u00e9 da inteira compet\u00eancia do Consulado Russo ou Ucraniano. A Eutraverse Ventures N\u00c3O ser\u00e1 respons\u00e1vel pela ocorr\u00eancia de danos ou preju\u00edzos sofridos em caso de recusa, atraso ou outras dificuldades de entrada ou sa\u00edda da R\u00fassia ou da Ucr\u00e2nia.<\/p>\n\n\n\n<p>5. A Eutraverse Ventures N\u00c3O ser\u00e1 respons\u00e1vel em caso de eventos de seguros, incidentes, crimes contra turistas estrangeiros ou os seus bens, bem como em caso de problemas de transporte, financeiros ou outros problemas relacionados com a organiza\u00e7\u00e3o de uma viagem \u00e0 R\u00fassia ou \u00e0 Ucr\u00e2nia para um turista estrangeiro.<\/p>\n\n\n\n<p>6. Para obter o apoio ao visto, o requerente deve fornecer todos os dados necess\u00e1rios, incluindo os dados do passaporte de cada visitante. A Eutraverse Ventures n\u00e3o se responsabiliza por quaisquer dificuldades que o requerente possa ter no caso de ter fornecido informa\u00e7\u00f5es incorrectas.<\/p>\n\n\n\n<p>7. A Eutraverse Ventures cobrar\u00e1 uma taxa fixa por cada pedido de Apoio Visa no cart\u00e3o de cr\u00e9dito\/d\u00e9bito ou na conta Paypal que o utilizador especificou aquando da apresenta\u00e7\u00e3o do pedido. Este montante ser\u00e1 retirado do saldo do cart\u00e3o de cr\u00e9dito\/d\u00e9bito ou Paypal aquando da conclus\u00e3o do seu pedido de Apoio Visa. \u00c9 aconselh\u00e1vel que verifique antecipadamente se tem fundos suficientes para pagar a taxa no seu cart\u00e3o de cr\u00e9dito\/d\u00e9bito ou Paypal. Esta taxa n\u00e3o \u00e9 reembols\u00e1vel.<\/p>\n\n\n\n<p>8. Deve registar o seu visto junto do representante local do Servi\u00e7o de Migra\u00e7\u00e3o da Federa\u00e7\u00e3o Russa no prazo de tr\u00eas dias \u00fateis ap\u00f3s a sua chegada \u00e0 R\u00fassia. A responsabilidade pelo registo atempado \u00e9 inteiramente sua ou da entidade que lhe fornece o alojamento no hotel ou apartamento. Reiteramos que deve registar o seu visto o mais rapidamente poss\u00edvel ap\u00f3s a sua chegada \u00e0 Federa\u00e7\u00e3o da R\u00fassia.<\/p>\n\n\n\n<p>9. Ao aceitar o presente Contrato de Presta\u00e7\u00e3o de Servi\u00e7os, o cliente autoriza a recolha, sistematiza\u00e7\u00e3o, acumula\u00e7\u00e3o, armazenamento e utiliza\u00e7\u00e3o de dados pessoais: nome, endere\u00e7o eletr\u00f3nico e nacionalidade. Estes dados pessoais s\u00e3o solicitados para fornecer os servi\u00e7os aos clientes ou para dar resposta aos pedidos dos clientes. Os dados pessoais especificados s\u00e3o apresentados nos documentos de viagem, nas folhas de relat\u00f3rio e nos documentos contabil\u00edsticos.<\/p>\n\n\n\n<p>10. O utilizador pode imprimir ou guardar uma c\u00f3pia do Acordo \u00e0 sua discri\u00e7\u00e3o.<\/p>\n\n\n\n<p>Pol\u00edtica de entrega:<\/p>\n\n\n\n<p>Para os convites ucranianos, cobramos $80 pela entrega da c\u00f3pia original. O custo pode ser acrescentado aquando do preenchimento do formul\u00e1rio. A c\u00f3pia original ser\u00e1 entregue atrav\u00e9s da Aramex. Normalmente, a c\u00f3pia original demora entre 5 a 15 dias \u00fateis a ser entregue.<\/p>\n\n\n\n<p>J\u00e1 n\u00e3o enviamos a c\u00f3pia original do convite russo, uma vez que o consulado russo na maioria dos pa\u00edses aceita a c\u00f3pia impressa em PDF.<\/p>\n\n\n\n<p><strong>Confidencialidade das informa\u00e7\u00f5es:<\/strong><\/p>\n\n\n\n<p>\u00c9 nossa pol\u00edtica proteger e preservar a privacidade dos nossos utilizadores e clientes e a confidencialidade das informa\u00e7\u00f5es que fornecem.<br><br>Que tipos de informa\u00e7\u00f5es recolhemos?<br>Dados pessoais. Quando reserva a Assist\u00eancia em mat\u00e9ria de vistos atrav\u00e9s do nosso formul\u00e1rio em linha, necessitamos das seguintes informa\u00e7\u00f5es: O seu primeiro e \u00faltimo nome, nacionalidade, n\u00famero de passaporte e endere\u00e7o de correio eletr\u00f3nico. Para convites ucranianos ou convites russos para pa\u00edses com risco de migra\u00e7\u00e3o, tamb\u00e9m precisamos da p\u00e1gina de dados do seu passaporte.<br><br>Informa\u00e7\u00f5es autom\u00e1ticas. Podemos recolher automaticamente algumas informa\u00e7\u00f5es sobre o seu computador quando visita o nosso s\u00edtio Web. Por exemplo, podemos recolher o seu endere\u00e7o IP, o software de navega\u00e7\u00e3o na Web (como o Mozilla Firefox ou o Internet Explorer) e o s\u00edtio Web de refer\u00eancia. Isto ajuda-nos a determinar a melhor forma de fornecer informa\u00e7\u00f5es \u00fateis aos nossos clientes.<br><br>Cookies:<br>Quando visita o nosso s\u00edtio Web, podemos atribuir um \"cookie\" ao seu computador. Os \"cookies\" s\u00e3o peda\u00e7os de informa\u00e7\u00e3o que s\u00e3o armazenados pelo seu navegador da Web no disco r\u00edgido do seu computador, para fins de manuten\u00e7\u00e3o de registos. Os cookies apenas identificam o seu computador; n\u00e3o o identificam pessoalmente. Utilizamos cookies para identificar utilizadores espec\u00edficos para fins de marketing. N\u00e3o fazemos corresponder os cookies \u00e0s informa\u00e7\u00f5es de compra do utilizador. E n\u00e3o utilizamos cookies para seguir os seus movimentos depois de sair do nosso s\u00edtio Web. Pode sempre optar por n\u00e3o receber um ficheiro de cookies, activando o seu browser para recusar cookies ou para o avisar antes de aceitar um cookie; no entanto, a desativa\u00e7\u00e3o de cookies pode limitar a sua utiliza\u00e7\u00e3o do nosso s\u00edtio Web.<br><br>Como utilizamos os seus dados:<br>Podemos utilizar as informa\u00e7\u00f5es pessoais e n\u00e3o pessoais agregadas recebidas do utilizador das seguintes formas:<br>- Para fornecer ao utilizador as informa\u00e7\u00f5es que este solicita sobre os nossos produtos.<br>- Para lhe dar dicas de viagem atrav\u00e9s do nosso parceiro (se subscrever a nossa newsletter).<br>- Para satisfazer a sua encomenda e confirmar as suas compras.<br>-Para garantir que a fatura\u00e7\u00e3o \u00e9 feita corretamente.<br>- Resolver lit\u00edgios ou solucionar problemas.<\/p>\n\n\n\n<p>Mantemos todas as suas informa\u00e7\u00f5es pessoais confidenciais e utilizamo-las para efeitos da sua encomenda e para lhe dar dicas de viagem.<br><br><strong>Resumo:<\/strong><br>Ao aceder a este s\u00edtio e utilizar os seus servi\u00e7os, o utilizador concorda incondicionalmente com os termos da presente Declara\u00e7\u00e3o de Privacidade e com os nossos Termos e Condi\u00e7\u00f5es. Concorda em cumprir os termos que regem a utiliza\u00e7\u00e3o deste s\u00edtio e dos seus servi\u00e7os e que tamb\u00e9m regem todas as informa\u00e7\u00f5es fornecidas por si e por outros utilizadores do nosso s\u00edtio Web. Se n\u00e3o concordar com todos ou alguns dos termos da presente Declara\u00e7\u00e3o de Privacidade, n\u00e3o utilize este s\u00edtio.<\/p>","protected":false},"excerpt":{"rendered":"<p>By initiating the application for visa support documents, you agree to the terms of service set forth below: 1.\u00a0The paid online visa support documents are requested through our accredited tour operators, &#8220;iVisa, LLC&#8221; &#8220;LLC Corvinus Travel&#8221; and &#8220;IVA Travel Partners,&#8221; and supplied on this website through Eutraverse Ventures. 2. Eutraverse Ventures undertakes to provide Visa [&#8230;]\n","protected":false},"author":1,"featured_media":0,"parent":0,"menu_order":0,"comment_status":"closed","ping_status":"closed","template":"","meta":{"footnotes":""},"class_list":["post-36","page","type-page","status-publish","hentry"],"_links":{"self":[{"href":"https:\/\/ruvisa.me\/pt\/wp-json\/wp\/v2\/pages\/36","targetHints":{"allow":["GET"]}}],"collection":[{"href":"https:\/\/ruvisa.me\/pt\/wp-json\/wp\/v2\/pages"}],"about":[{"href":"https:\/\/ruvisa.me\/pt\/wp-json\/wp\/v2\/types\/page"}],"author":[{"embeddable":true,"href":"https:\/\/ruvisa.me\/pt\/wp-json\/wp\/v2\/users\/1"}],"replies":[{"embeddable":true,"href":"https:\/\/ruvisa.me\/pt\/wp-json\/wp\/v2\/comments?post=36"}],"version-history":[{"count":1,"href":"https:\/\/ruvisa.me\/pt\/wp-json\/wp\/v2\/pages\/36\/revisions"}],"predecessor-version":[{"id":5434,"href":"https:\/\/ruvisa.me\/pt\/wp-json\/wp\/v2\/pages\/36\/revisions\/5434"}],"wp:attachment":[{"href":"https:\/\/ruvisa.me\/pt\/wp-json\/wp\/v2\/media?parent=36"}],"curies":[{"name":"wp","href":"https:\/\/api.w.org\/{rel}","templated":true}]}}