{"id":34,"date":"2019-07-29T17:02:57","date_gmt":"2019-07-29T17:02:57","guid":{"rendered":"https:\/\/ruvisa.me\/?page_id=34"},"modified":"2023-07-01T13:15:47","modified_gmt":"2023-07-01T13:15:47","slug":"privacidade","status":"publish","type":"page","link":"https:\/\/ruvisa.me\/pt\/privacidade\/","title":{"rendered":"Pol\u00edtica de privacidade"},"content":{"rendered":"<p><strong>Modo de pagamento, seguran\u00e7a do pagamento, pol\u00edtica de reembolso:<\/strong><\/p>\n\n\n\n<p>O servi\u00e7o de pagamento atrav\u00e9s da Internet \u00e9 efectuado de acordo com as regras dos sistemas de pagamento internacionais (PayPal e cart\u00f5es de cr\u00e9dito ou d\u00e9bito aceites), com base nos princ\u00edpios de confidencialidade e seguran\u00e7a do pagamento, utilizando os m\u00e9todos mais modernos de verifica\u00e7\u00e3o, encripta\u00e7\u00e3o e transmiss\u00e3o de dados atrav\u00e9s de canais de comunica\u00e7\u00e3o fechados.<br> <br> Na p\u00e1gina de introdu\u00e7\u00e3o dos dados do cart\u00e3o banc\u00e1rio, ter\u00e1 de introduzir o n\u00famero do cart\u00e3o, o nome do titular, o per\u00edodo de validade do cart\u00e3o, o c\u00f3digo de seguran\u00e7a de tr\u00eas d\u00edgitos (CVV2 para VISA ou CVC2 para MasterCard). Todos os dados necess\u00e1rios est\u00e3o impressos no pr\u00f3prio cart\u00e3o.<br> O c\u00f3digo de seguran\u00e7a de tr\u00eas d\u00edgitos \u00e9 constitu\u00eddo pelos tr\u00eas d\u00edgitos que se encontram no verso do cart\u00e3o.<br> <br> Poderemos n\u00e3o conseguir processar o seu pagamento:<br> - Se o seu cart\u00e3o banc\u00e1rio n\u00e3o foi concebido para efetuar pagamentos atrav\u00e9s da Internet, pode informar-se junto do seu banco.<br> - Se n\u00e3o houver dinheiro suficiente para pagar com o cart\u00e3o banc\u00e1rio, pode informar-se sobre a disponibilidade de fundos no cart\u00e3o banc\u00e1rio contactando o banco que emitiu o cart\u00e3o banc\u00e1rio.<br> - Se os dados do cart\u00e3o banc\u00e1rio forem introduzidos incorretamente.<br> - Se o per\u00edodo de validade do cart\u00e3o banc\u00e1rio tiver expirado. O per\u00edodo de validade do cart\u00e3o \u00e9 normalmente indicado na parte da frente do cart\u00e3o (m\u00eas e ano de validade do cart\u00e3o).<br> <br> As informa\u00e7\u00f5es pessoais fornecidas pelo utilizador (nome, morada, n\u00famero de telefone, e-mail, n\u00famero do cart\u00e3o banc\u00e1rio) s\u00e3o confidenciais e n\u00e3o est\u00e3o sujeitas a divulga\u00e7\u00e3o. Os dados do seu cart\u00e3o de cr\u00e9dito s\u00e3o transmitidos apenas de forma encriptada e n\u00e3o s\u00e3o armazenados no nosso servidor Web.<br> <\/p>\n\n\n\n<p><strong>Pol\u00edtica de reembolso<\/strong>:<\/p>\n\n\n\n<p>O pagamento do documento de apoio ao visto n\u00e3o \u00e9 reembols\u00e1vel. Por conseguinte, qualquer anula\u00e7\u00e3o implica uma taxa igual a 100% do pre\u00e7o total pago. Podemos propor uma altera\u00e7\u00e3o se houver um erro nas informa\u00e7\u00f5es fornecidas aquando do preenchimento do formul\u00e1rio.<\/p>\n\n\n\n<p><strong>Confidencialidade das informa\u00e7\u00f5es:<\/strong><\/p>\n\n\n\n<p>\u00c9 nossa pol\u00edtica proteger e preservar a privacidade dos nossos utilizadores e clientes e a confidencialidade das informa\u00e7\u00f5es que fornecem.<br> <br> Que tipos de informa\u00e7\u00f5es recolhemos?<br> Dados pessoais. Quando reserva apoio em mat\u00e9ria de vistos atrav\u00e9s do nosso formul\u00e1rio em linha, necessitamos das seguintes informa\u00e7\u00f5es: O seu primeiro e \u00faltimo nome, nacionalidade, n\u00famero de passaporte e endere\u00e7os de correio eletr\u00f3nico. Para convites da Ucr\u00e2nia ou convites de neg\u00f3cios da R\u00fassia, tamb\u00e9m precisamos da p\u00e1gina de dados do seu passaporte.<br> <br> Informa\u00e7\u00f5es autom\u00e1ticas. Podemos recolher automaticamente algumas informa\u00e7\u00f5es sobre o seu computador quando visita o nosso s\u00edtio Web. Por exemplo, podemos recolher o seu endere\u00e7o IP, o software de navega\u00e7\u00e3o na Web (como o Mozilla Firefox ou o Internet Explorer) e o s\u00edtio Web de refer\u00eancia. Isto ajuda-nos a determinar a melhor forma de fornecer informa\u00e7\u00f5es \u00fateis aos nossos clientes.<br> <br> <strong>Cookies:<\/strong><br> Quando visita o nosso s\u00edtio Web, podemos atribuir um \"cookie\" ao seu computador. Os \"cookies\" s\u00e3o peda\u00e7os de informa\u00e7\u00e3o que s\u00e3o armazenados pelo seu navegador da Web no disco r\u00edgido do seu computador, para fins de manuten\u00e7\u00e3o de registos. Os cookies apenas identificam o seu computador; n\u00e3o o identificam pessoalmente. Utilizamos cookies para identificar utilizadores espec\u00edficos para fins de marketing. N\u00e3o fazemos corresponder os cookies \u00e0s informa\u00e7\u00f5es de compra do utilizador. E n\u00e3o utilizamos cookies para seguir os seus movimentos depois de sair do nosso s\u00edtio Web. Pode sempre optar por n\u00e3o receber um ficheiro de cookies, activando o seu browser para recusar cookies ou para o avisar antes de aceitar um cookie; no entanto, a desativa\u00e7\u00e3o de cookies pode limitar a sua utiliza\u00e7\u00e3o do nosso s\u00edtio Web.<br> <br> <strong>Como utilizamos os seus dados:<\/strong><br>Podemos utilizar as informa\u00e7\u00f5es pessoais e n\u00e3o pessoais agregadas recebidas do utilizador das seguintes formas:<br>- Para fornecer ao utilizador as informa\u00e7\u00f5es que este solicita sobre os nossos produtos.<br>- Para lhe dar dicas de viagem atrav\u00e9s do nosso parceiro (se subscrever a nossa newsletter).<br>- Para satisfazer a sua encomenda e confirmar as suas compras.<br>- Para garantir que a fatura\u00e7\u00e3o \u00e9 feita corretamente.<br>- Resolver lit\u00edgios ou solucionar problemas. <\/p>\n\n\n\n<p> Mantemos todas as suas informa\u00e7\u00f5es pessoais confidenciais e utilizamo-las para efeitos da sua encomenda e para lhe dar dicas de viagem.<br><br> <strong>Resumo:<\/strong><br> Ao aceder a este s\u00edtio e utilizar os seus servi\u00e7os, o utilizador concorda incondicionalmente com os termos da presente Declara\u00e7\u00e3o de Privacidade e com a nossa <a href=\"https:\/\/ruvisa.me\/pt\/termos\/\">Termos e condi\u00e7\u00f5es<\/a>. O utilizador concorda em cumprir os termos que regem a utiliza\u00e7\u00e3o deste s\u00edtio e dos seus servi\u00e7os e que tamb\u00e9m regem todas as informa\u00e7\u00f5es fornecidas pelo utilizador e por outros utilizadores do nosso s\u00edtio. Se n\u00e3o concordar com todos ou alguns dos termos da presente Declara\u00e7\u00e3o de Privacidade, n\u00e3o utilize este s\u00edtio.<\/p>","protected":false},"excerpt":{"rendered":"<p>Mode of Payment, Security of Payment, Refund Policy: The service of payment via the Internet is carried out in accordance with the rules of the international payment systems (PayPal, and accepted credit or debit cards) on the principles of confidentiality and security of payment, using the most modern methods of verification, encryption and data transmission [&#8230;]\n","protected":false},"author":1,"featured_media":0,"parent":0,"menu_order":0,"comment_status":"closed","ping_status":"closed","template":"","meta":{"footnotes":""},"class_list":["post-34","page","type-page","status-publish","hentry"],"_links":{"self":[{"href":"https:\/\/ruvisa.me\/pt\/wp-json\/wp\/v2\/pages\/34","targetHints":{"allow":["GET"]}}],"collection":[{"href":"https:\/\/ruvisa.me\/pt\/wp-json\/wp\/v2\/pages"}],"about":[{"href":"https:\/\/ruvisa.me\/pt\/wp-json\/wp\/v2\/types\/page"}],"author":[{"embeddable":true,"href":"https:\/\/ruvisa.me\/pt\/wp-json\/wp\/v2\/users\/1"}],"replies":[{"embeddable":true,"href":"https:\/\/ruvisa.me\/pt\/wp-json\/wp\/v2\/comments?post=34"}],"version-history":[{"count":0,"href":"https:\/\/ruvisa.me\/pt\/wp-json\/wp\/v2\/pages\/34\/revisions"}],"wp:attachment":[{"href":"https:\/\/ruvisa.me\/pt\/wp-json\/wp\/v2\/media?parent=34"}],"curies":[{"name":"wp","href":"https:\/\/api.w.org\/{rel}","templated":true}]}}