{"id":931,"date":"2019-09-12T10:55:57","date_gmt":"2019-09-12T10:55:57","guid":{"rendered":"https:\/\/ruvisa.me\/?page_id=931"},"modified":"2021-10-26T20:40:38","modified_gmt":"2021-10-26T20:40:38","slug":"invitation-professionnelle","status":"publish","type":"page","link":"https:\/\/ruvisa.me\/fr\/invitation-professionnelle\/","title":{"rendered":"Invitation aux entreprises"},"content":{"rendered":"<section class=\"section\" id=\"section_1724470023\">\n\t\t<div class=\"section-bg fill\" >\n\t\t\t\t\t\t\t\t\t\n\t\t\t\n\n\t\t<\/div>\n\n\t\t\n\n\t\t<div class=\"section-content relative\">\n\t\t\t\n\n<div class=\"row row-large align-equal align-center\"  id=\"row-1552761174\">\n\n\n\t<div id=\"col-2008847896\" class=\"col small-12 large-12\"  >\n\t\t\t\t<div class=\"col-inner\"  >\n\t\t\t\n\t\t\t\n\n<div class=\"row align-equal align-center\"  id=\"row-31847695\">\n\n\n\t<div id=\"col-1107646223\" class=\"col medium-7 small-12 large-8\"  >\n\t\t\t\t<div class=\"col-inner\" style=\"background-color:rgb(247, 247, 247);\" >\n\t\t\t\n\t\t\t\n\n\n\t\t<div class=\"icon-box featured-box icon-box-center text-center\"  >\n\t\t\t\t\t<div class=\"icon-box-img\" style=\"width: 100px\">\n\t\t\t\t<div class=\"icon\">\n\t\t\t\t\t<div class=\"icon-inner\" style=\"color:rgb(217, 143, 143);\">\n\t\t\t\t\t\t<img loading=\"lazy\" decoding=\"async\" width=\"220\" height=\"220\" src=\"https:\/\/ruvisa.me\/wp-content\/uploads\/2021\/10\/Frame-9-1.png\" class=\"attachment-medium size-medium\" alt=\"\" srcset=\"https:\/\/ruvisa.me\/wp-content\/uploads\/2021\/10\/Frame-9-1.png 220w, https:\/\/ruvisa.me\/wp-content\/uploads\/2021\/10\/Frame-9-1-50x50.png 50w, https:\/\/ruvisa.me\/wp-content\/uploads\/2021\/10\/Frame-9-1-100x100.png 100w, https:\/\/ruvisa.me\/wp-content\/uploads\/2021\/10\/Frame-9-1-150x150.png 150w, https:\/\/ruvisa.me\/wp-content\/uploads\/2021\/10\/Frame-9-1-24x24.png 24w, https:\/\/ruvisa.me\/wp-content\/uploads\/2021\/10\/Frame-9-1-36x36.png 36w, https:\/\/ruvisa.me\/wp-content\/uploads\/2021\/10\/Frame-9-1-48x48.png 48w\" sizes=\"auto, (max-width: 220px) 100vw, 220px\">\t\t\t\t\t<\/div>\n\t\t\t\t<\/div>\n\t\t\t<\/div>\n\t\t\t\t<div class=\"icon-box-text last-reset\">\n\t\t\t\t\t\t\t\t\t\n\n<h4><span style=\"color: #003366;\">Invitation sur papier \u00e0 en-t\u00eate de la soci\u00e9t\u00e9 autoris\u00e9e par le service russe des migrations<\/span><\/h4>\n<p>Trait\u00e9e dans un d\u00e9lai de <strong>48 heures<\/strong><\/p>\n\t<div id=\"gap-1634373732\" class=\"gap-element clearfix\" style=\"display:block; height:auto;\">\n\t\t\n<style>\n#gap-1634373732 {\n  padding-top: 25px;\n}\n<\/style>\n\t<\/div>\n\t\n\n<a href=\"https:\/\/ruvisa.me\/fr\/entreprise2\/\" class=\"button primary is-small lowercase\"  style=\"border-radius:99px;padding:7px 20px 7px 20px;\">\n\t\t<span>Demande d'invitation<\/span>\n\t<\/a>\n\n\n\n\t\t<\/div>\n\t<\/div>\n\t\n\t\n\n\t\t<\/div>\n\t\t\t\t\t<\/div>\n\n\t\n\n\t<div id=\"col-1672467264\" class=\"col medium-7 small-12 large-8\"  >\n\t\t\t\t<div class=\"col-inner\" style=\"background-color:rgb(247, 247, 247);\" >\n\t\t\t\n\t\t\t\n\n\n\t\t<div class=\"icon-box featured-box icon-box-center text-center\"  >\n\t\t\t\t\t<div class=\"icon-box-img\" style=\"width: 100px\">\n\t\t\t\t<div class=\"icon\">\n\t\t\t\t\t<div class=\"icon-inner\" style=\"color:rgb(217, 143, 143);\">\n\t\t\t\t\t\t<img loading=\"lazy\" decoding=\"async\" width=\"220\" height=\"220\" src=\"https:\/\/ruvisa.me\/wp-content\/uploads\/2021\/10\/Frame-8.png\" class=\"attachment-medium size-medium\" alt=\"\" srcset=\"https:\/\/ruvisa.me\/wp-content\/uploads\/2021\/10\/Frame-8.png 220w, https:\/\/ruvisa.me\/wp-content\/uploads\/2021\/10\/Frame-8-50x50.png 50w, https:\/\/ruvisa.me\/wp-content\/uploads\/2021\/10\/Frame-8-100x100.png 100w, https:\/\/ruvisa.me\/wp-content\/uploads\/2021\/10\/Frame-8-150x150.png 150w, https:\/\/ruvisa.me\/wp-content\/uploads\/2021\/10\/Frame-8-24x24.png 24w, https:\/\/ruvisa.me\/wp-content\/uploads\/2021\/10\/Frame-8-36x36.png 36w, https:\/\/ruvisa.me\/wp-content\/uploads\/2021\/10\/Frame-8-48x48.png 48w\" sizes=\"auto, (max-width: 220px) 100vw, 220px\">\t\t\t\t\t<\/div>\n\t\t\t\t<\/div>\n\t\t\t<\/div>\n\t\t\t\t<div class=\"icon-box-text last-reset\">\n\t\t\t\t\t\t\t\t\t\n\n<h4><span style=\"color: #003366;\">Invitation du Service f\u00e9d\u00e9ral des migrations (Electronic - eFMS) pour les pays favorables<\/span><\/h4>\n<p>Abkhazie, Arm\u00e9nie, Australie, Autriche, Azerba\u00efdjan, Bi\u00e9lorussie, Belgique, Bulgarie, Canada, Croatie, Cuba, R\u00e9publique tch\u00e8que, Danemark, \u00c9gypte, Estonie, Finlande, France, Allemagne, Gr\u00e8ce, Groenland, Hongrie, Inde, Irlande, Islande, Italie, Japon, Kazakhstan, Kirghizstan, Lettonie, Lituanie, Luxembourg, Maldives, Malte, Mexique, Mont\u00e9n\u00e9gro, Norv\u00e8ge, Nouvelle-Z\u00e9lande, Pays-Bas, Pologne, Portugal, Qatar, Roumanie, Arabie Saoudite, Serbie, Seychelles, Singapour, Slovaquie, Slov\u00e9nie, Cor\u00e9e du Sud, Espagne, Sri Lanka, Su\u00e8de, Suisse, Tadjikistan, \u00c9mirats arabes unis, Royaume-Uni, \u00c9tats-Unis, Ouzb\u00e9kistan, Vi\u00eat Nam.<\/p>\n<p>Traitement entre 12 et 25 jours<\/p>\n\t<div id=\"gap-764891353\" class=\"gap-element clearfix\" style=\"display:block; height:auto;\">\n\t\t\n<style>\n#gap-764891353 {\n  padding-top: 25px;\n}\n<\/style>\n\t<\/div>\n\t\n\n<a class=\"button primary\"  style=\"border-radius:99px;padding:7px 30px 7px 30px;\">\n\t\t<span>Non disponible<\/span>\n\t<\/a>\n\n\n\n\t\t<\/div>\n\t<\/div>\n\t\n\t\n\n\t\t<\/div>\n\t\t\t\t\t<\/div>\n\n\t\n\n\n<style>\n#row-31847695 > .col > .col-inner {\n  padding: 40px 40px 50px 40px;\n  background-color: rgb(255,255,255);\n  border-radius: 15px;\n}\n@media (min-width:550px) {\n  #row-31847695 > .col > .col-inner {\n    padding: 20px 20px 40px 20px;\n  }\n}\n@media (min-width:850px) {\n  #row-31847695 > .col > .col-inner {\n    padding: 40px 40px 40px 40px;\n  }\n}\n<\/style>\n<\/div>\n\n\t\t<\/div>\n\t\t\t\t\t<\/div>\n\n\t\n\n<\/div>\n\n\t\t<\/div>\n\n\t\t\n<style>\n#section_1724470023 {\n  padding-top: 40px;\n  padding-bottom: 40px;\n}\n@media (min-width:850px) {\n  #section_1724470023 {\n    padding-top: 60px;\n    padding-bottom: 60px;\n  }\n}\n<\/style>\n\t<\/section>","protected":false},"excerpt":{"rendered":"","protected":false},"author":1,"featured_media":0,"parent":0,"menu_order":0,"comment_status":"closed","ping_status":"closed","template":"","meta":{"footnotes":""},"class_list":["post-931","page","type-page","status-publish","hentry"],"_links":{"self":[{"href":"https:\/\/ruvisa.me\/fr\/wp-json\/wp\/v2\/pages\/931","targetHints":{"allow":["GET"]}}],"collection":[{"href":"https:\/\/ruvisa.me\/fr\/wp-json\/wp\/v2\/pages"}],"about":[{"href":"https:\/\/ruvisa.me\/fr\/wp-json\/wp\/v2\/types\/page"}],"author":[{"embeddable":true,"href":"https:\/\/ruvisa.me\/fr\/wp-json\/wp\/v2\/users\/1"}],"replies":[{"embeddable":true,"href":"https:\/\/ruvisa.me\/fr\/wp-json\/wp\/v2\/comments?post=931"}],"version-history":[{"count":0,"href":"https:\/\/ruvisa.me\/fr\/wp-json\/wp\/v2\/pages\/931\/revisions"}],"wp:attachment":[{"href":"https:\/\/ruvisa.me\/fr\/wp-json\/wp\/v2\/media?parent=931"}],"curies":[{"name":"wp","href":"https:\/\/api.w.org\/{rel}","templated":true}]}}