{"id":4070,"date":"2021-11-17T10:16:10","date_gmt":"2021-11-17T10:16:10","guid":{"rendered":"https:\/\/ruvisa.me\/?page_id=4070"},"modified":"2023-07-14T07:21:24","modified_gmt":"2023-07-14T07:21:24","slug":"exigences-en-matiere-de-visa","status":"publish","type":"page","link":"https:\/\/ruvisa.me\/fr\/exigences-en-matiere-de-visa\/","title":{"rendered":"Exigences en mati\u00e8re de visa"},"content":{"rendered":"<section class=\"section\" id=\"section_618888652\">\n\t\t<div class=\"section-bg fill\" >\n\t\t\t\t\t\t\t\t\t\n\t\t\t\n\n\t\t<\/div>\n\n\t\t\n\n\t\t<div class=\"section-content relative\">\n\t\t\t\n<div class=\"row\"  id=\"row-667182133\">\n\n\t<div id=\"col-1229962713\" class=\"col small-12 large-12\"  >\n\t\t\t\t<div class=\"col-inner\"  >\n\t\t\t\n\t\t\t\n<div class=\"row align-center\"  id=\"row-1487139716\">\n\n\t<div id=\"col-1695176173\" class=\"col medium-11 small-10 large-11\"  >\n\t\t\t\t<div class=\"col-inner text-center\"  >\n\t\t\t\n\t\t\t\n<div class=\"container section-title-container\" style=\"margin-bottom:0px;max-width:80%;\"><h3 class=\"section-title section-title-center\"><b><\/b><span class=\"section-title-main\" style=\"font-size:60%;\">aide aux visas<\/span><b><\/b><\/h3><\/div>\n\t<div id=\"text-164185702\" class=\"text\">\n\t\t\n<h2>Comment cela fonctionne-t-il ?<\/h2>\n\t\t\n<style>\n#text-164185702 {\n  line-height: 1.65;\n}\n<\/style>\n\t<\/div>\n\t\n\t<div id=\"gap-420342147\" class=\"gap-element clearfix\" style=\"display:block; height:auto;\">\n\t\t\n<style>\n#gap-420342147 {\n  padding-top: 40px;\n}\n<\/style>\n\t<\/div>\n\t\n<div class=\"row row-divided\"  id=\"row-1524400778\">\n\n\t<div id=\"col-1053771217\" class=\"col medium-4 small-12 large-4\"  >\n\t\t\t\t<div class=\"col-inner\"  >\n\t\t\t\n\t\t\t\n<h3>Visa \u00e9lectronique<\/h3>\n<p>Postulez facilement en ligne sur notre site partenaire en remplissant le formulaire.<br \/>Votre demande est trait\u00e9e par notre partenaire sans frais suppl\u00e9mentaires pour vous.<br \/>Pr\u00e9sentez votre passeport et le document que vous avez re\u00e7u de notre partenaire dans le pays de destination.<\/p>\n\t\t<\/div>\n\t\t\t\t\t<\/div>\n\n\t\n\n\t<div id=\"col-1128192598\" class=\"col medium-4 small-12 large-4\"  >\n\t\t\t\t<div class=\"col-inner\"  >\n\t\t\t\n\t\t\t\n<h3>Visa \u00e9lectronique \u00e0 l'arriv\u00e9e<\/h3>\n<p>Postulez facilement en ligne sur notre site partenaire en remplissant le formulaire.<br \/>Votre demande est trait\u00e9e par notre partenaire sans frais suppl\u00e9mentaires pour vous.<br \/>Pr\u00e9sentez votre passeport et le document que vous avez re\u00e7u de notre partenaire dans le pays de destination et obtenez un visa.<\/p>\n\t\t<\/div>\n\t\t\t\t\t<\/div>\n\n\t\n\n\t<div id=\"col-1953468072\" class=\"col medium-4 small-12 large-4\"  >\n\t\t\t\t<div class=\"col-inner\"  >\n\t\t\t\n\t\t\t\n<h3>D\u00e9claration de sant\u00e9<\/h3>\n<p>Postulez facilement en ligne sur notre site partenaire en remplissant le formulaire.<br \/>Votre demande est trait\u00e9e par notre partenaire sans frais suppl\u00e9mentaires pour vous.<br \/>Pr\u00e9sentez votre passeport et la d\u00e9claration de sant\u00e9 que vous avez re\u00e7ue de notre partenaire dans le pays de destination.<\/p>\n\t\t<\/div>\n\t\t\t\t\t<\/div>\n\n\t\n<\/div>\n\t\t<\/div>\n\t\t\t\t\n<style>\n#col-1695176173 > .col-inner {\n  padding: 50px 0px 0px 0px;\n  margin: 0px 0px -20px 0px;\n}\n@media (min-width:550px) {\n  #col-1695176173 > .col-inner {\n    margin: 0px 0px -20px 0px;\n  }\n}\n<\/style>\n\t<\/div>\n\n\t\n\n\t<div id=\"col-2019003169\" class=\"col medium-7 small-12 large-7\"  >\n\t\t\t\t<div class=\"col-inner text-center\"  >\n\t\t\t\n\t\t\t\n\t<div id=\"text-1240683622\" class=\"text\">\n\t\t\n<h3>Pr\u00eat ?<\/h3>\n\t\t\n<style>\n#text-1240683622 {\n  line-height: 0.75;\n}\n<\/style>\n\t<\/div>\n\t\n\n<p><iframe style=\"border: none!important; padding:0!important; overflow:hidden; width: 346px; height:310px;\" src=\"https:\/\/www.ivisa.com\/widgets\/visa-checker?utm_source=ruvisa&#038;background_color=bg-blue-widget&#038;widget_width=336&#038;widget_height=280\" allowtransparency=\"true\"><\/iframe><br \/>\n\n\t\t<\/div>\n\t\t\t\t\t<\/div>\n\n\t\n<\/div>\n\t\t<\/div>\n\t\t\t\t\t<\/div>\n\n\t\n<\/div>\n\t\t<\/div>\n\n\t\t\n<style>\n#section_618888652 {\n  padding-top: 60px;\n  padding-bottom: 60px;\n}\n<\/style>\n\t<\/section>","protected":false},"excerpt":{"rendered":"","protected":false},"author":1,"featured_media":0,"parent":0,"menu_order":0,"comment_status":"closed","ping_status":"closed","template":"","meta":{"footnotes":""},"class_list":["post-4070","page","type-page","status-publish","hentry"],"_links":{"self":[{"href":"https:\/\/ruvisa.me\/fr\/wp-json\/wp\/v2\/pages\/4070","targetHints":{"allow":["GET"]}}],"collection":[{"href":"https:\/\/ruvisa.me\/fr\/wp-json\/wp\/v2\/pages"}],"about":[{"href":"https:\/\/ruvisa.me\/fr\/wp-json\/wp\/v2\/types\/page"}],"author":[{"embeddable":true,"href":"https:\/\/ruvisa.me\/fr\/wp-json\/wp\/v2\/users\/1"}],"replies":[{"embeddable":true,"href":"https:\/\/ruvisa.me\/fr\/wp-json\/wp\/v2\/comments?post=4070"}],"version-history":[{"count":0,"href":"https:\/\/ruvisa.me\/fr\/wp-json\/wp\/v2\/pages\/4070\/revisions"}],"wp:attachment":[{"href":"https:\/\/ruvisa.me\/fr\/wp-json\/wp\/v2\/media?parent=4070"}],"curies":[{"name":"wp","href":"https:\/\/api.w.org\/{rel}","templated":true}]}}