{"id":36,"date":"2019-07-29T17:04:47","date_gmt":"2019-07-29T17:04:47","guid":{"rendered":"https:\/\/ruvisa.me\/?page_id=36"},"modified":"2026-02-16T20:37:16","modified_gmt":"2026-02-16T20:37:16","slug":"termes","status":"publish","type":"page","link":"https:\/\/ruvisa.me\/fr\/termes\/","title":{"rendered":"Conditions d'utilisation"},"content":{"rendered":"<p>En introduisant la demande de documents d'appui aux visas, vous acceptez les conditions de service \u00e9nonc\u00e9es ci-dessous :<\/p>\n\n\n\n<p>1. Les documents d'appui aux visas en ligne payants sont demand\u00e9s par l'interm\u00e9diaire de nos voyagistes accr\u00e9dit\u00e9s, \u201ciVisa, LLC\u201d \u201cLLC Corvinus Travel\u201d et \u201cIVA Travel Partners\u201d, et fournis sur ce site web par Eutraverse Ventures.<\/p>\n\n\n\n<p>2. Eutraverse Ventures s'engage \u00e0 fournir un support de visa qui doit \u00eatre soumis 30 jours avant l'obtention d'un visa touristique pour la Russie ou l'Ukraine. Ce document n'est pas un visa. Il s'agit d'un document obligatoire pour demander un visa d'entr\u00e9e sur le territoire de la F\u00e9d\u00e9ration de Russie ou de l'Ukraine ; il ne garantit pas la d\u00e9livrance d'un visa pour la Russie ou l'Ukraine.<\/p>\n\n\n\n<p>3. Eutraverse Ventures envoie le support de visa au format PDF. Le document est envoy\u00e9 \u00e0 l'adresse \u00e9lectronique indiqu\u00e9e lors du remplissage du formulaire de demande. Nous envoyons l'original de l'invitation ukrainienne \u00e0 l'adresse que vous avez indiqu\u00e9e. Nous n'envoyons plus l'original de l'invitation russe car les consulats russes de la plupart des pays acceptent la copie PDF imprim\u00e9e.<\/p>\n\n\n\n<p>4. Eutraverse Ventures n'est pas responsable de la non-d\u00e9livrance d'un visa pour la Russie ou l'Ukraine. La d\u00e9cision \u00e0 ce sujet rel\u00e8ve enti\u00e8rement de la comp\u00e9tence du consulat russe ou ukrainien. Eutraverse Ventures n'est pas responsable des dommages ou pertes subis en cas de refus de visa, de retard ou d'autres difficult\u00e9s d'entr\u00e9e ou de sortie de Russie ou d'Ukraine.<\/p>\n\n\n\n<p>5. Eutraverse Ventures n'est pas responsable en cas d'assurance, d'incidents, de crimes contre les touristes \u00e9trangers ou leurs biens, et en cas de probl\u00e8mes de transport, financiers ou autres li\u00e9s \u00e0 l'organisation d'un voyage en Russie ou en Ukraine pour un touriste \u00e9tranger.<\/p>\n\n\n\n<p>6. Pour obtenir l'aide au visa, le demandeur doit fournir toutes les donn\u00e9es requises, y compris les d\u00e9tails du passeport de chaque visiteur. Eutraverse Ventures n'est pas responsable des difficult\u00e9s que vous pourriez rencontrer si vous avez fourni des informations incorrectes.<\/p>\n\n\n\n<p>7. Eutraverse Ventures pr\u00e9l\u00e8vera des frais fixes pour chaque demande d'assistance Visa sur la carte de cr\u00e9dit\/d\u00e9bit ou le compte Paypal que vous avez indiqu\u00e9 lors du d\u00e9p\u00f4t de votre demande. Ces frais seront pr\u00e9lev\u00e9s sur le solde de la carte de cr\u00e9dit\/d\u00e9bit ou du compte Paypal lorsque la demande d'assistance Visa aura \u00e9t\u00e9 trait\u00e9e. Il vous est conseill\u00e9 de v\u00e9rifier \u00e0 l'avance si vous disposez de suffisamment de fonds pour payer les frais sur votre carte de cr\u00e9dit\/d\u00e9bit ou sur votre compte Paypal. Ces frais sont NON REMBOURSABLES.<\/p>\n\n\n\n<p>8. Vous devez enregistrer votre visa aupr\u00e8s du repr\u00e9sentant local du service des migrations de la F\u00e9d\u00e9ration de Russie dans les trois jours ouvrables suivant votre arriv\u00e9e en Russie. La responsabilit\u00e9 de l'enregistrement dans les d\u00e9lais vous incombe enti\u00e8rement, ainsi qu'\u00e0 l'entit\u00e9 qui vous h\u00e9berge \u00e0 l'h\u00f4tel ou \u00e0 l'appartement. Nous vous rappelons que vous devez enregistrer votre visa d\u00e8s que possible apr\u00e8s votre arriv\u00e9e en F\u00e9d\u00e9ration de Russie.<\/p>\n\n\n\n<p>9. En acceptant le pr\u00e9sent contrat de service, vous consentez \u00e0 la collecte, \u00e0 la syst\u00e9matisation, \u00e0 l'accumulation, au stockage et \u00e0 l'utilisation de donn\u00e9es personnelles : nom, adresse \u00e9lectronique et citoyennet\u00e9. Ces donn\u00e9es personnelles sont n\u00e9cessaires pour fournir les services aux clients ou pour r\u00e9pondre \u00e0 leurs demandes. Les donn\u00e9es personnelles sp\u00e9cifi\u00e9es sont affich\u00e9es dans les documents de voyage, les feuilles de rapport et les documents comptables.<\/p>\n\n\n\n<p>10. Vous pouvez imprimer ou sauvegarder une copie de l'accord \u00e0 votre convenance.<\/p>\n\n\n\n<p>Politique de livraison :<\/p>\n\n\n\n<p>Pour les invitations ukrainiennes, nous facturons $80 pour la livraison de la copie originale. Le co\u00fbt peut \u00eatre ajout\u00e9 au moment de remplir le formulaire. L'original sera livr\u00e9 par Aramex. Le d\u00e9lai de livraison est g\u00e9n\u00e9ralement de 5 \u00e0 15 jours ouvrables.<\/p>\n\n\n\n<p>Nous n'envoyons plus l'original de l'invitation russe car le consulat russe accepte, dans la plupart des pays, la copie PDF imprim\u00e9e.<\/p>\n\n\n\n<p><strong>Confidentialit\u00e9 des informations :<\/strong><\/p>\n\n\n\n<p>Nous avons pour politique de prot\u00e9ger et de pr\u00e9server la vie priv\u00e9e de nos utilisateurs et de nos clients ainsi que la confidentialit\u00e9 des informations qu'ils fournissent.<br><br>Quels types d'informations recueillons-nous ?<br>Donn\u00e9es personnelles. Lorsque vous r\u00e9servez un service d'assistance aux visas \u00e0 l'aide de notre formulaire en ligne, nous avons besoin des informations suivantes : Vos nom et pr\u00e9nom, votre nationalit\u00e9, votre num\u00e9ro de passeport et votre adresse \u00e9lectronique. Pour les invitations ukrainiennes ou russes pour les pays \u00e0 risque migratoire, nous avons \u00e9galement besoin de la page des donn\u00e9es de votre passeport.<br><br>Informations automatiques. Nous pouvons collecter automatiquement certaines informations concernant votre ordinateur lorsque vous visitez notre site web. Par exemple, nous pouvons collecter votre adresse IP, votre logiciel de navigation (tel que Mozilla Firefox ou Internet Explorer) et le site web de r\u00e9f\u00e9rence. Cela nous aide \u00e0 d\u00e9terminer la meilleure fa\u00e7on de fournir des informations utiles \u00e0 nos clients.<br><br>Cookies :<br>Lorsque vous visitez notre site web, nous pouvons attribuer un \"cookie\" \u00e0 votre ordinateur. Les \"cookies\" sont des \u00e9l\u00e9ments d'information stock\u00e9s par votre navigateur web sur le disque dur de votre ordinateur, \u00e0 des fins d'archivage. Les cookies identifient uniquement votre ordinateur ; ils ne vous identifient pas personnellement. Nous utilisons des cookies pour identifier des utilisateurs sp\u00e9cifiques \u00e0 des fins de marketing. Nous n'\u00e9tablissons pas de correspondance entre les cookies et vos informations d'achat. Nous n'utilisons pas non plus de cookies pour suivre vos d\u00e9placements apr\u00e8s avoir quitt\u00e9 notre site web. Vous pouvez toujours choisir de ne pas recevoir de fichier cookie en activant votre navigateur web pour qu'il refuse les cookies ou qu'il vous invite \u00e0 accepter un cookie ; cependant, la d\u00e9sactivation des cookies peut limiter votre utilisation de notre site web.<br><br>Comment nous utilisons vos donn\u00e9es :<br>Nous pouvons utiliser les informations personnelles et non personnelles agr\u00e9g\u00e9es que nous recevons de votre part de la mani\u00e8re suivante :<br>- Pour vous fournir les informations que vous demandez sur nos produits.<br>- Pour vous fournir des conseils de voyage par l'interm\u00e9diaire de notre partenaire (si vous vous inscrivez \u00e0 notre lettre d'information).<br>- Pour ex\u00e9cuter votre commande et confirmer vos achats.<br>-Pour s'assurer que vous \u00eates correctement factur\u00e9.<br>- R\u00e9soudre les litiges ou les probl\u00e8mes.<\/p>\n\n\n\n<p>Nous gardons toutes vos informations personnelles confidentielles et les utilisons pour les besoins de votre commande et pour vous donner des conseils de voyage.<br><br><strong>R\u00e9sum\u00e9 :<\/strong><br>En acc\u00e9dant \u00e0 ce site et en utilisant ses services, vous acceptez inconditionnellement les termes de la pr\u00e9sente d\u00e9claration de confidentialit\u00e9 et de nos conditions g\u00e9n\u00e9rales. Vous acceptez de vous conformer aux conditions qui r\u00e9gissent l'utilisation de ce site et de ses services et qui r\u00e9gissent \u00e9galement toutes les informations fournies par vous et les autres utilisateurs de notre site web. Si vous n'acceptez pas tout ou partie des conditions de la pr\u00e9sente d\u00e9claration de confidentialit\u00e9, veuillez ne pas utiliser ce site.<\/p>","protected":false},"excerpt":{"rendered":"<p>By initiating the application for visa support documents, you agree to the terms of service set forth below: 1.\u00a0The paid online visa support documents are requested through our accredited tour operators, &#8220;iVisa, LLC&#8221; &#8220;LLC Corvinus Travel&#8221; and &#8220;IVA Travel Partners,&#8221; and supplied on this website through Eutraverse Ventures. 2. Eutraverse Ventures undertakes to provide Visa [&#8230;]\n","protected":false},"author":1,"featured_media":0,"parent":0,"menu_order":0,"comment_status":"closed","ping_status":"closed","template":"","meta":{"footnotes":""},"class_list":["post-36","page","type-page","status-publish","hentry"],"_links":{"self":[{"href":"https:\/\/ruvisa.me\/fr\/wp-json\/wp\/v2\/pages\/36","targetHints":{"allow":["GET"]}}],"collection":[{"href":"https:\/\/ruvisa.me\/fr\/wp-json\/wp\/v2\/pages"}],"about":[{"href":"https:\/\/ruvisa.me\/fr\/wp-json\/wp\/v2\/types\/page"}],"author":[{"embeddable":true,"href":"https:\/\/ruvisa.me\/fr\/wp-json\/wp\/v2\/users\/1"}],"replies":[{"embeddable":true,"href":"https:\/\/ruvisa.me\/fr\/wp-json\/wp\/v2\/comments?post=36"}],"version-history":[{"count":1,"href":"https:\/\/ruvisa.me\/fr\/wp-json\/wp\/v2\/pages\/36\/revisions"}],"predecessor-version":[{"id":5434,"href":"https:\/\/ruvisa.me\/fr\/wp-json\/wp\/v2\/pages\/36\/revisions\/5434"}],"wp:attachment":[{"href":"https:\/\/ruvisa.me\/fr\/wp-json\/wp\/v2\/media?parent=36"}],"curies":[{"name":"wp","href":"https:\/\/api.w.org\/{rel}","templated":true}]}}