{"id":34,"date":"2019-07-29T17:02:57","date_gmt":"2019-07-29T17:02:57","guid":{"rendered":"https:\/\/ruvisa.me\/?page_id=34"},"modified":"2023-07-01T13:15:47","modified_gmt":"2023-07-01T13:15:47","slug":"vie-privee","status":"publish","type":"page","link":"https:\/\/ruvisa.me\/fr\/vie-privee\/","title":{"rendered":"Politique de confidentialit\u00e9"},"content":{"rendered":"<p><strong>Mode de paiement, s\u00e9curit\u00e9 du paiement, politique de remboursement :<\/strong><\/p>\n\n\n\n<p>Le service de paiement via Internet est effectu\u00e9 conform\u00e9ment aux r\u00e8gles des syst\u00e8mes de paiement internationaux (PayPal, et cartes de cr\u00e9dit ou de d\u00e9bit accept\u00e9es) sur la base des principes de confidentialit\u00e9 et de s\u00e9curit\u00e9 du paiement, en utilisant les m\u00e9thodes les plus modernes de v\u00e9rification, de cryptage et de transmission des donn\u00e9es par le biais de canaux de communication ferm\u00e9s.<br> <br> Sur la page de saisie des donn\u00e9es de la carte bancaire, vous devrez saisir le num\u00e9ro de la carte, le nom du titulaire, la p\u00e9riode de validit\u00e9 de la carte, le code de s\u00e9curit\u00e9 \u00e0 trois chiffres (CVV2 pour VISA ou CVC2 pour MasterCard). Toutes les donn\u00e9es n\u00e9cessaires sont imprim\u00e9es sur la carte elle-m\u00eame.<br> Le code de s\u00e9curit\u00e9 \u00e0 trois chiffres est constitu\u00e9 des trois chiffres figurant au dos de la carte.<br> <br> Il se peut que nous ne soyons pas en mesure de traiter votre paiement :<br> - Si votre carte bancaire n'est pas con\u00e7ue pour effectuer des paiements par Internet, vous pouvez vous renseigner aupr\u00e8s de votre banque.<br> - S'il n'y a pas assez d'argent pour payer avec la carte bancaire, vous pouvez vous renseigner sur la disponibilit\u00e9 des fonds sur la carte bancaire en contactant la banque \u00e9mettrice de la carte bancaire.<br> - Si les donn\u00e9es de la carte bancaire sont mal introduites.<br> - Si la dur\u00e9e de validit\u00e9 de la carte bancaire a expir\u00e9. La p\u00e9riode de validit\u00e9 de la carte est g\u00e9n\u00e9ralement indiqu\u00e9e au recto de la carte (il s'agit du mois et de l'ann\u00e9e de validit\u00e9 de la carte).<br> <br> Les informations personnelles que vous fournissez (nom, adresse, num\u00e9ro de t\u00e9l\u00e9phone, adresse \u00e9lectronique, num\u00e9ro de carte bancaire) sont confidentielles et ne peuvent \u00eatre divulgu\u00e9es. Les donn\u00e9es relatives \u00e0 votre carte de cr\u00e9dit ne sont transmises que sous forme crypt\u00e9e et ne sont pas stock\u00e9es sur notre serveur Web.<br> <\/p>\n\n\n\n<p><strong>Politique de remboursement<\/strong>:<\/p>\n\n\n\n<p>Le paiement du document d'appui au visa est NON REMBOURSABLE. Ainsi, toute annulation entra\u00eene des frais \u00e9gaux \u00e0 100% du prix total pay\u00e9. Nous pouvons proposer une modification si une erreur s'est gliss\u00e9e dans les informations que vous avez fournies lors du remplissage du formulaire.<\/p>\n\n\n\n<p><strong>Confidentialit\u00e9 des informations :<\/strong><\/p>\n\n\n\n<p>Nous avons pour politique de prot\u00e9ger et de pr\u00e9server la vie priv\u00e9e de nos utilisateurs et de nos clients ainsi que la confidentialit\u00e9 des informations qu'ils fournissent.<br> <br> Quels types d'informations recueillons-nous ?<br> Donn\u00e9es personnelles. Lorsque vous r\u00e9servez un service d'assistance aux visas \u00e0 l'aide de notre formulaire en ligne, nous avons besoin des informations suivantes : vos nom et pr\u00e9nom, votre nationalit\u00e9, votre num\u00e9ro de passeport et votre adresse \u00e9lectronique. Pour une invitation en Ukraine ou une invitation d'affaires en Russie, nous avons \u00e9galement besoin de la page des donn\u00e9es de votre passeport.<br> <br> Informations automatiques. Nous pouvons collecter automatiquement certaines informations concernant votre ordinateur lorsque vous visitez notre site web. Par exemple, nous pouvons collecter votre adresse IP, votre logiciel de navigation (tel que Mozilla Firefox ou Internet Explorer) et le site web de r\u00e9f\u00e9rence. Cela nous aide \u00e0 d\u00e9terminer la meilleure fa\u00e7on de fournir des informations utiles \u00e0 nos clients.<br> <br> <strong>Cookies :<\/strong><br> Lorsque vous visitez notre site web, nous pouvons attribuer un \"cookie\" \u00e0 votre ordinateur. Les \"cookies\" sont des \u00e9l\u00e9ments d'information stock\u00e9s par votre navigateur web sur le disque dur de votre ordinateur, \u00e0 des fins d'archivage. Les cookies identifient uniquement votre ordinateur ; ils ne vous identifient pas personnellement. Nous utilisons des cookies pour identifier des utilisateurs sp\u00e9cifiques \u00e0 des fins de marketing. Nous n'\u00e9tablissons pas de correspondance entre les cookies et vos informations d'achat. Nous n'utilisons pas non plus de cookies pour suivre vos d\u00e9placements apr\u00e8s avoir quitt\u00e9 notre site web. Vous pouvez toujours choisir de ne pas recevoir de fichier cookie en activant votre navigateur web pour qu'il refuse les cookies ou qu'il vous invite \u00e0 accepter un cookie ; cependant, la d\u00e9sactivation des cookies peut limiter votre utilisation de notre site web.<br> <br> <strong>Comment nous utilisons vos donn\u00e9es :<\/strong><br>Nous pouvons utiliser les informations personnelles et non personnelles agr\u00e9g\u00e9es que nous recevons de votre part de la mani\u00e8re suivante :<br>- Pour vous fournir les informations que vous demandez sur nos produits.<br>- Pour vous fournir des conseils de voyage par l'interm\u00e9diaire de notre partenaire (si vous vous inscrivez \u00e0 notre lettre d'information).<br>- Pour ex\u00e9cuter votre commande et confirmer vos achats.<br>- Pour vous assurer que vous \u00eates correctement factur\u00e9.<br>- R\u00e9soudre les litiges ou les probl\u00e8mes. <\/p>\n\n\n\n<p> Nous gardons toutes vos informations personnelles confidentielles et les utilisons pour les besoins de votre commande et pour vous donner des conseils de voyage.<br><br> <strong>R\u00e9sum\u00e9 :<\/strong><br> En acc\u00e9dant \u00e0 ce site et en utilisant ses services, vous acceptez inconditionnellement les termes de la pr\u00e9sente d\u00e9claration de confidentialit\u00e9 et de notre politique de protection de la vie priv\u00e9e. <a href=\"https:\/\/ruvisa.me\/fr\/termes\/\">Conditions g\u00e9n\u00e9rales d'utilisation<\/a>. Vous acceptez de vous conformer aux conditions qui r\u00e9gissent l'utilisation de ce site et de ses services et qui r\u00e9gissent \u00e9galement toutes les informations fournies par vous et les autres utilisateurs de notre site web. Si vous n'acceptez pas tout ou partie des conditions de la pr\u00e9sente d\u00e9claration de confidentialit\u00e9, veuillez ne pas utiliser ce site.<\/p>","protected":false},"excerpt":{"rendered":"<p>Mode of Payment, Security of Payment, Refund Policy: The service of payment via the Internet is carried out in accordance with the rules of the international payment systems (PayPal, and accepted credit or debit cards) on the principles of confidentiality and security of payment, using the most modern methods of verification, encryption and data transmission [&#8230;]\n","protected":false},"author":1,"featured_media":0,"parent":0,"menu_order":0,"comment_status":"closed","ping_status":"closed","template":"","meta":{"footnotes":""},"class_list":["post-34","page","type-page","status-publish","hentry"],"_links":{"self":[{"href":"https:\/\/ruvisa.me\/fr\/wp-json\/wp\/v2\/pages\/34","targetHints":{"allow":["GET"]}}],"collection":[{"href":"https:\/\/ruvisa.me\/fr\/wp-json\/wp\/v2\/pages"}],"about":[{"href":"https:\/\/ruvisa.me\/fr\/wp-json\/wp\/v2\/types\/page"}],"author":[{"embeddable":true,"href":"https:\/\/ruvisa.me\/fr\/wp-json\/wp\/v2\/users\/1"}],"replies":[{"embeddable":true,"href":"https:\/\/ruvisa.me\/fr\/wp-json\/wp\/v2\/comments?post=34"}],"version-history":[{"count":0,"href":"https:\/\/ruvisa.me\/fr\/wp-json\/wp\/v2\/pages\/34\/revisions"}],"wp:attachment":[{"href":"https:\/\/ruvisa.me\/fr\/wp-json\/wp\/v2\/media?parent=34"}],"curies":[{"name":"wp","href":"https:\/\/api.w.org\/{rel}","templated":true}]}}