{"id":931,"date":"2019-09-12T10:55:57","date_gmt":"2019-09-12T10:55:57","guid":{"rendered":"https:\/\/ruvisa.me\/?page_id=931"},"modified":"2021-10-26T20:40:38","modified_gmt":"2021-10-26T20:40:38","slug":"invitacion-comercial","status":"publish","type":"page","link":"https:\/\/ruvisa.me\/es\/invitacion-comercial\/","title":{"rendered":"Invitaci\u00f3n de negocios"},"content":{"rendered":"<section class=\"section\" id=\"section_338488056\">\n\t\t<div class=\"section-bg fill\" >\n\t\t\t\t\t\t\t\t\t\n\t\t\t\n\n\t\t<\/div>\n\n\t\t\n\n\t\t<div class=\"section-content relative\">\n\t\t\t\n\n<div class=\"row row-large align-equal align-center\"  id=\"row-123758852\">\n\n\n\t<div id=\"col-1148211993\" class=\"col small-12 large-12\"  >\n\t\t\t\t<div class=\"col-inner\"  >\n\t\t\t\n\t\t\t\n\n<div class=\"row align-equal align-center\"  id=\"row-69616840\">\n\n\n\t<div id=\"col-387383084\" class=\"col medium-7 small-12 large-8\"  >\n\t\t\t\t<div class=\"col-inner\" style=\"background-color:rgb(247, 247, 247);\" >\n\t\t\t\n\t\t\t\n\n\n\t\t<div class=\"icon-box featured-box icon-box-center text-center\"  >\n\t\t\t\t\t<div class=\"icon-box-img\" style=\"width: 100px\">\n\t\t\t\t<div class=\"icon\">\n\t\t\t\t\t<div class=\"icon-inner\" style=\"color:rgb(217, 143, 143);\">\n\t\t\t\t\t\t<img loading=\"lazy\" decoding=\"async\" width=\"220\" height=\"220\" src=\"https:\/\/ruvisa.me\/wp-content\/uploads\/2021\/10\/Frame-9-1.png\" class=\"attachment-medium size-medium\" alt=\"\" srcset=\"https:\/\/ruvisa.me\/wp-content\/uploads\/2021\/10\/Frame-9-1.png 220w, https:\/\/ruvisa.me\/wp-content\/uploads\/2021\/10\/Frame-9-1-50x50.png 50w, https:\/\/ruvisa.me\/wp-content\/uploads\/2021\/10\/Frame-9-1-100x100.png 100w, https:\/\/ruvisa.me\/wp-content\/uploads\/2021\/10\/Frame-9-1-150x150.png 150w, https:\/\/ruvisa.me\/wp-content\/uploads\/2021\/10\/Frame-9-1-24x24.png 24w, https:\/\/ruvisa.me\/wp-content\/uploads\/2021\/10\/Frame-9-1-36x36.png 36w, https:\/\/ruvisa.me\/wp-content\/uploads\/2021\/10\/Frame-9-1-48x48.png 48w\" sizes=\"auto, (max-width: 220px) 100vw, 220px\">\t\t\t\t\t<\/div>\n\t\t\t\t<\/div>\n\t\t\t<\/div>\n\t\t\t\t<div class=\"icon-box-text last-reset\">\n\t\t\t\t\t\t\t\t\t\n\n<h4><span style=\"color: #003366;\">Invitaci\u00f3n con membrete de la empresa autorizada por el Servicio de Migraci\u00f3n de Rusia<\/span><\/h4>\n<p>Procesado en <strong>48 horas<\/strong><\/p>\n\t<div id=\"gap-972551494\" class=\"gap-element clearfix\" style=\"display:block; height:auto;\">\n\t\t\n<style>\n#gap-972551494 {\n  padding-top: 25px;\n}\n<\/style>\n\t<\/div>\n\t\n\n<a href=\"https:\/\/ruvisa.me\/es\/empresa2\/\" class=\"button primary is-small lowercase\"  style=\"border-radius:99px;padding:7px 20px 7px 20px;\">\n\t\t<span>Solicitar invitaci\u00f3n<\/span>\n\t<\/a>\n\n\n\n\t\t<\/div>\n\t<\/div>\n\t\n\t\n\n\t\t<\/div>\n\t\t\t\t\t<\/div>\n\n\t\n\n\t<div id=\"col-1804844038\" class=\"col medium-7 small-12 large-8\"  >\n\t\t\t\t<div class=\"col-inner\" style=\"background-color:rgb(247, 247, 247);\" >\n\t\t\t\n\t\t\t\n\n\n\t\t<div class=\"icon-box featured-box icon-box-center text-center\"  >\n\t\t\t\t\t<div class=\"icon-box-img\" style=\"width: 100px\">\n\t\t\t\t<div class=\"icon\">\n\t\t\t\t\t<div class=\"icon-inner\" style=\"color:rgb(217, 143, 143);\">\n\t\t\t\t\t\t<img loading=\"lazy\" decoding=\"async\" width=\"220\" height=\"220\" src=\"https:\/\/ruvisa.me\/wp-content\/uploads\/2021\/10\/Frame-8.png\" class=\"attachment-medium size-medium\" alt=\"\" srcset=\"https:\/\/ruvisa.me\/wp-content\/uploads\/2021\/10\/Frame-8.png 220w, https:\/\/ruvisa.me\/wp-content\/uploads\/2021\/10\/Frame-8-50x50.png 50w, https:\/\/ruvisa.me\/wp-content\/uploads\/2021\/10\/Frame-8-100x100.png 100w, https:\/\/ruvisa.me\/wp-content\/uploads\/2021\/10\/Frame-8-150x150.png 150w, https:\/\/ruvisa.me\/wp-content\/uploads\/2021\/10\/Frame-8-24x24.png 24w, https:\/\/ruvisa.me\/wp-content\/uploads\/2021\/10\/Frame-8-36x36.png 36w, https:\/\/ruvisa.me\/wp-content\/uploads\/2021\/10\/Frame-8-48x48.png 48w\" sizes=\"auto, (max-width: 220px) 100vw, 220px\">\t\t\t\t\t<\/div>\n\t\t\t\t<\/div>\n\t\t\t<\/div>\n\t\t\t\t<div class=\"icon-box-text last-reset\">\n\t\t\t\t\t\t\t\t\t\n\n<h4><span style=\"color: #003366;\">Invitaci\u00f3n del Servicio Federal de Migraci\u00f3n (electr\u00f3nico - eFMS) para los pa\u00edses favorables<\/span><\/h4>\n<p>Alemania, Abjasia, Armenia, Australia, Austria, Azerbaiy\u00e1n, Belar\u00fas, B\u00e9lgica, Bulgaria, Canad\u00e1, Croacia, Cuba, Dinamarca, Egipto, Eslovaquia, Eslovenia, Espa\u00f1a, Estonia, Finlandia, Francia, Grecia, Groenlandia, Hungr\u00eda, India, Irlanda, Islandia, Italia, Jap\u00f3n, Kazajst\u00e1n, Kirguist\u00e1n, Letonia, Lituania, Luxemburgo, Maldivas, Malta, M\u00e9xico, Montenegro, Pa\u00edses Bajos, Nueva Zelanda, Noruega, Polonia, Portugal, Qatar, Ruman\u00eda, Arabia Saud\u00ed, Serbia, Seychelles, Singapur, Eslovaquia, Eslovenia, Corea del Sur, Espa\u00f1a, Sri Lanka, Suecia, Suiza, Tayikist\u00e1n, Emiratos \u00c1rabes Unidos, Reino Unido, Estados Unidos, Uzbekist\u00e1n, Vietnam.<\/p>\n<p>Procesado entre 12 y 25 d\u00edas<\/p>\n\t<div id=\"gap-1361599714\" class=\"gap-element clearfix\" style=\"display:block; height:auto;\">\n\t\t\n<style>\n#gap-1361599714 {\n  padding-top: 25px;\n}\n<\/style>\n\t<\/div>\n\t\n\n<a class=\"button primary\"  style=\"border-radius:99px;padding:7px 30px 7px 30px;\">\n\t\t<span>No disponible<\/span>\n\t<\/a>\n\n\n\n\t\t<\/div>\n\t<\/div>\n\t\n\t\n\n\t\t<\/div>\n\t\t\t\t\t<\/div>\n\n\t\n\n\n<style>\n#row-69616840 > .col > .col-inner {\n  padding: 40px 40px 50px 40px;\n  background-color: rgb(255,255,255);\n  border-radius: 15px;\n}\n@media (min-width:550px) {\n  #row-69616840 > .col > .col-inner {\n    padding: 20px 20px 40px 20px;\n  }\n}\n@media (min-width:850px) {\n  #row-69616840 > .col > .col-inner {\n    padding: 40px 40px 40px 40px;\n  }\n}\n<\/style>\n<\/div>\n\n\t\t<\/div>\n\t\t\t\t\t<\/div>\n\n\t\n\n<\/div>\n\n\t\t<\/div>\n\n\t\t\n<style>\n#section_338488056 {\n  padding-top: 40px;\n  padding-bottom: 40px;\n}\n@media (min-width:850px) {\n  #section_338488056 {\n    padding-top: 60px;\n    padding-bottom: 60px;\n  }\n}\n<\/style>\n\t<\/section>","protected":false},"excerpt":{"rendered":"","protected":false},"author":1,"featured_media":0,"parent":0,"menu_order":0,"comment_status":"closed","ping_status":"closed","template":"","meta":{"footnotes":""},"class_list":["post-931","page","type-page","status-publish","hentry"],"_links":{"self":[{"href":"https:\/\/ruvisa.me\/es\/wp-json\/wp\/v2\/pages\/931","targetHints":{"allow":["GET"]}}],"collection":[{"href":"https:\/\/ruvisa.me\/es\/wp-json\/wp\/v2\/pages"}],"about":[{"href":"https:\/\/ruvisa.me\/es\/wp-json\/wp\/v2\/types\/page"}],"author":[{"embeddable":true,"href":"https:\/\/ruvisa.me\/es\/wp-json\/wp\/v2\/users\/1"}],"replies":[{"embeddable":true,"href":"https:\/\/ruvisa.me\/es\/wp-json\/wp\/v2\/comments?post=931"}],"version-history":[{"count":0,"href":"https:\/\/ruvisa.me\/es\/wp-json\/wp\/v2\/pages\/931\/revisions"}],"wp:attachment":[{"href":"https:\/\/ruvisa.me\/es\/wp-json\/wp\/v2\/media?parent=931"}],"curies":[{"name":"wp","href":"https:\/\/api.w.org\/{rel}","templated":true}]}}