{"id":36,"date":"2019-07-29T17:04:47","date_gmt":"2019-07-29T17:04:47","guid":{"rendered":"https:\/\/ruvisa.me\/?page_id=36"},"modified":"2026-02-16T20:37:16","modified_gmt":"2026-02-16T20:37:16","slug":"terminos","status":"publish","type":"page","link":"https:\/\/ruvisa.me\/es\/terminos\/","title":{"rendered":"Condiciones de uso"},"content":{"rendered":"<p>Al iniciar la solicitud de documentos de apoyo al visado, usted acepta las condiciones de servicio que se exponen a continuaci\u00f3n:<\/p>\n\n\n\n<p>1. Los documentos de apoyo al visado pagados en l\u00ednea se solicitan a trav\u00e9s de nuestros operadores tur\u00edsticos acreditados, \u201ciVisa, LLC\u201d \u201cLLC Corvinus Travel\u201d e \u201cIVA Travel Partners\u201d, y se suministran en este sitio web a trav\u00e9s de Eutraverse Ventures.<\/p>\n\n\n\n<p>2. Eutraverse Ventures se compromete a facilitar un documento de apoyo al visado que deber\u00e1 presentarse 30 d\u00edas antes de la obtenci\u00f3n de un visado tur\u00edstico a Rusia o Ucrania. Este documento no es un visado. Es un documento necesario para solicitar un visado para entrar en el territorio de la Federaci\u00f3n Rusa o Ucrania; no garantiza la expedici\u00f3n de un visado a Rusia o Ucrania.<\/p>\n\n\n\n<p>3. Eutraverse Ventures env\u00eda el soporte del visado en formato PDF. El documento se enviar\u00e1 a la direcci\u00f3n de correo electr\u00f3nico especificada al cumplimentar el formulario de solicitud. 4. Enviamos la copia original de la invitaci\u00f3n ucraniana a la direcci\u00f3n especificada. Ya no enviamos la copia original de la invitaci\u00f3n rusa, ya que el consulado ruso en la mayor\u00eda de los pa\u00edses acepta la copia impresa en PDF.<\/p>\n\n\n\n<p>4. Eutraverse Ventures NO ser\u00e1 responsable de la no expedici\u00f3n de un visado a Rusia o Ucrania. La decisi\u00f3n al respecto es competencia exclusiva del consulado ruso o ucraniano. 5. Eutraverse Ventures NO ser\u00e1 responsable de los da\u00f1os o p\u00e9rdidas sufridos en caso de denegaci\u00f3n, retraso u otras dificultades de entrada o salida de Rusia o Ucrania.<\/p>\n\n\n\n<p>5. Eutraverse Ventures NO ser\u00e1 responsable en caso de eventos de seguros, incidentes, delitos contra turistas extranjeros o sus bienes, y en el caso de que surjan problemas de transporte, financieros o de otro tipo asociados con la organizaci\u00f3n de un viaje a Rusia o Ucrania para un turista extranjero.<\/p>\n\n\n\n<p>6. Para obtener el Apoyo al Visado, el solicitante deber\u00e1 facilitar todos los datos requeridos, incluidos los datos del pasaporte de cada visitante. Eutraverse Ventures no ser\u00e1 responsable de las dificultades que pueda experimentar en caso de que haya facilitado informaci\u00f3n incorrecta.<\/p>\n\n\n\n<p>7. Eutraverse Ventures cargar\u00e1 una tasa fija por cada solicitud de Asistencia Visa contra la tarjeta de cr\u00e9dito\/d\u00e9bito o cuenta Paypal que usted haya especificado al presentar una solicitud. Este importe de la tasa se retirar\u00e1 del saldo de la tarjeta de cr\u00e9dito\/d\u00e9bito o de Paypal una vez completada su solicitud de Apoyo Visa. Es aconsejable que compruebe con antelaci\u00f3n si dispone de fondos suficientes para pagar la tasa en su tarjeta de cr\u00e9dito\/d\u00e9bito o Paypal. Esta tasa NO ES REEMBOLSABLE.<\/p>\n\n\n\n<p>8. Debe registrar su visado en el representante local del Servicio de Migraci\u00f3n de la Federaci\u00f3n de Rusia en el plazo de tres d\u00edas laborables tras su llegada a Rusia. La responsabilidad del registro a tiempo recae enteramente en usted o en la entidad que le proporciona alojamiento en el hotel o apartamento. Le reiteramos que debe registrar su visado lo antes posible tras su llegada a la Federaci\u00f3n de Rusia.<\/p>\n\n\n\n<p>9. Al aceptar este Acuerdo de Servicio, usted consiente la recogida, sistematizaci\u00f3n, acumulaci\u00f3n, almacenamiento y uso de datos personales: nombre, direcci\u00f3n de correo electr\u00f3nico y ciudadan\u00eda. Estos datos personales se solicitan para proporcionar a los clientes los servicios o para realizar la respuesta a las solicitudes de los clientes. Los datos personales especificados aparecen en los documentos de viaje, las hojas de informes y los documentos contables.<\/p>\n\n\n\n<p>10. Puede imprimir o guardar una copia del Acuerdo a su discreci\u00f3n.<\/p>\n\n\n\n<p>Pol\u00edtica de entrega:<\/p>\n\n\n\n<p>En el caso de las invitaciones ucranianas, cobramos $80 por el env\u00edo de la copia original. El coste puede a\u00f1adirse al rellenar el formulario. La copia original se entregar\u00e1 a trav\u00e9s de Aramex. La entrega del original suele tardar entre 5 y 15 d\u00edas laborables.<\/p>\n\n\n\n<p>Ya no enviamos la copia original de la invitaci\u00f3n rusa, ya que el consulado ruso de la mayor\u00eda de los pa\u00edses acepta la copia impresa en PDF.<\/p>\n\n\n\n<p><strong>Confidencialidad de la informaci\u00f3n:<\/strong><\/p>\n\n\n\n<p>Nuestra pol\u00edtica es proteger y preservar la privacidad de nuestros usuarios y clientes y la confidencialidad de la informaci\u00f3n que nos facilitan.<br><br>\u00bfQu\u00e9 tipo de informaci\u00f3n recopilamos?<br>Datos personales. Cuando reserva Apoyo para Visados utilizando nuestro formulario en l\u00ednea, necesitamos la siguiente informaci\u00f3n: Su nombre y apellidos, nacionalidad, n\u00famero de pasaporte y direcci\u00f3n de correo electr\u00f3nico. Para las invitaciones ucranianas o rusas para pa\u00edses de riesgo migratorio, necesitamos tambi\u00e9n la p\u00e1gina de datos de su pasaporte.<br><br>Informaci\u00f3n autom\u00e1tica. Podemos recopilar autom\u00e1ticamente cierta informaci\u00f3n sobre su ordenador cuando visita nuestro sitio web. Por ejemplo, podemos recoger su direcci\u00f3n IP, el software de su navegador (como Mozilla Firefox o Internet Explorer) y el sitio web de referencia. Esto nos ayuda a determinar la mejor manera de proporcionar informaci\u00f3n \u00fatil a nuestros clientes.<br><br>Galletas:<br>Cuando visita nuestro sitio web, podemos asignar a su ordenador una \"cookie\". Las \"cookies\" son fragmentos de informaci\u00f3n que su navegador almacena en el disco duro de su ordenador con fines de registro. Las cookies s\u00f3lo identifican su ordenador; no le identifican a usted personalmente. Utilizamos cookies para identificar a usuarios espec\u00edficos con fines de marketing. No relacionamos las cookies con sus datos de compra. Y no utilizamos cookies para rastrear sus movimientos despu\u00e9s de salir de nuestro sitio web. Siempre puede optar por no recibir un archivo cookie activando su navegador para que rechace cookies o para que le pregunte antes de aceptar una cookie; sin embargo, desactivar las cookies puede limitar su uso de nuestro sitio web.<br><br>C\u00f3mo utilizamos sus datos:<br>Podemos utilizar la informaci\u00f3n personal y no personal agregada recibida de usted de las siguientes maneras:<br>- Proporcionarle la informaci\u00f3n que solicite sobre nuestros productos.<br>- Para proporcionarle consejos de viaje a trav\u00e9s de nuestro socio (si se suscribe a nuestro bolet\u00edn).<br>- Para tramitar su pedido y confirmar sus compras.<br>-Para asegurarse de que se le factura correctamente.<br>- Resolver conflictos o solucionar problemas.<\/p>\n\n\n\n<p>Mantenemos la confidencialidad de todos sus datos personales y los utilizamos para tramitar su pedido y ofrecerle consejos de viaje.<br><br><strong>Resumen:<\/strong><br>Al acceder a este sitio y utilizar sus servicios, usted acepta incondicionalmente los t\u00e9rminos de esta Declaraci\u00f3n de Privacidad y nuestros T\u00e9rminos y Condiciones. Usted acepta cumplir los t\u00e9rminos que rigen el uso de este sitio y sus servicios y que tambi\u00e9n rigen toda la informaci\u00f3n proporcionada por usted y otros usuarios de nuestro sitio web. Si no est\u00e1 de acuerdo con todos o alguno de los t\u00e9rminos de esta Declaraci\u00f3n de Privacidad, le rogamos que no utilice este sitio.<\/p>","protected":false},"excerpt":{"rendered":"<p>By initiating the application for visa support documents, you agree to the terms of service set forth below: 1.\u00a0The paid online visa support documents are requested through our accredited tour operators, &#8220;iVisa, LLC&#8221; &#8220;LLC Corvinus Travel&#8221; and &#8220;IVA Travel Partners,&#8221; and supplied on this website through Eutraverse Ventures. 2. Eutraverse Ventures undertakes to provide Visa [&#8230;]\n","protected":false},"author":1,"featured_media":0,"parent":0,"menu_order":0,"comment_status":"closed","ping_status":"closed","template":"","meta":{"footnotes":""},"class_list":["post-36","page","type-page","status-publish","hentry"],"_links":{"self":[{"href":"https:\/\/ruvisa.me\/es\/wp-json\/wp\/v2\/pages\/36","targetHints":{"allow":["GET"]}}],"collection":[{"href":"https:\/\/ruvisa.me\/es\/wp-json\/wp\/v2\/pages"}],"about":[{"href":"https:\/\/ruvisa.me\/es\/wp-json\/wp\/v2\/types\/page"}],"author":[{"embeddable":true,"href":"https:\/\/ruvisa.me\/es\/wp-json\/wp\/v2\/users\/1"}],"replies":[{"embeddable":true,"href":"https:\/\/ruvisa.me\/es\/wp-json\/wp\/v2\/comments?post=36"}],"version-history":[{"count":1,"href":"https:\/\/ruvisa.me\/es\/wp-json\/wp\/v2\/pages\/36\/revisions"}],"predecessor-version":[{"id":5434,"href":"https:\/\/ruvisa.me\/es\/wp-json\/wp\/v2\/pages\/36\/revisions\/5434"}],"wp:attachment":[{"href":"https:\/\/ruvisa.me\/es\/wp-json\/wp\/v2\/media?parent=36"}],"curies":[{"name":"wp","href":"https:\/\/api.w.org\/{rel}","templated":true}]}}