{"id":34,"date":"2019-07-29T17:02:57","date_gmt":"2019-07-29T17:02:57","guid":{"rendered":"https:\/\/ruvisa.me\/?page_id=34"},"modified":"2023-07-01T13:15:47","modified_gmt":"2023-07-01T13:15:47","slug":"privacidad","status":"publish","type":"page","link":"https:\/\/ruvisa.me\/es\/privacidad\/","title":{"rendered":"Pol\u00edtica de privacidad"},"content":{"rendered":"<p><strong>Forma de pago, seguridad del pago, pol\u00edtica de reembolso:<\/strong><\/p>\n\n\n\n<p>El servicio de pago a trav\u00e9s de Internet se realiza de acuerdo con las normas de los sistemas de pago internacionales (PayPal, y tarjetas de cr\u00e9dito o d\u00e9bito aceptadas) seg\u00fan los principios de confidencialidad y seguridad del pago, utilizando los m\u00e9todos m\u00e1s modernos de verificaci\u00f3n, encriptaci\u00f3n y transmisi\u00f3n de datos a trav\u00e9s de canales de comunicaci\u00f3n cerrados.<br> <br> En la p\u00e1gina para introducir los datos de la tarjeta bancaria, tendr\u00e1 que introducir el n\u00famero de la tarjeta, el nombre del titular, el periodo de validez de la tarjeta, el c\u00f3digo de seguridad de tres d\u00edgitos (CVV2 para VISA o CVC2 para MasterCard). Todos los datos necesarios est\u00e1n impresos en la propia tarjeta.<br> El c\u00f3digo de seguridad de tres cifras son los tres d\u00edgitos que figuran en el reverso de la tarjeta.<br> <br> Es posible que no podamos procesar su pago:<br> - Si su tarjeta bancaria no est\u00e1 dise\u00f1ada para realizar pagos a trav\u00e9s de Internet, puede averiguarlo poni\u00e9ndose en contacto con su banco.<br> - Si no hay dinero suficiente para pagar con la tarjeta bancaria, puede informarse sobre la disponibilidad de fondos en la tarjeta bancaria poni\u00e9ndose en contacto con el banco emisor de la tarjeta bancaria.<br> - Si los datos de la tarjeta bancaria se introducen incorrectamente.<br> - Si el periodo de validez de la tarjeta bancaria ha expirado. El periodo de validez de la tarjeta suele indicarse en el anverso de la misma (es decir, el mes y el a\u00f1o hasta los que es v\u00e1lida).<br> <br> La informaci\u00f3n personal facilitada por usted (nombre, direcci\u00f3n, n\u00famero de tel\u00e9fono, correo electr\u00f3nico, n\u00famero de tarjeta bancaria) es confidencial y no est\u00e1 sujeta a divulgaci\u00f3n. Los datos de su tarjeta de cr\u00e9dito se transmiten \u00fanicamente de forma encriptada y no se almacenan en nuestro servidor web.<br> <\/p>\n\n\n\n<p><strong>Pol\u00edtica de reembolso<\/strong>:<\/p>\n\n\n\n<p>El pago del documento de apoyo al visado NO ES REEMBOLSABLE. Por lo tanto, cualquier cancelaci\u00f3n conlleva un cargo igual a 100% del precio total pagado. Podemos ofrecer una enmienda si hubo un error en la informaci\u00f3n que proporcion\u00f3 al rellenar el formulario.<\/p>\n\n\n\n<p><strong>Confidencialidad de la informaci\u00f3n:<\/strong><\/p>\n\n\n\n<p>Nuestra pol\u00edtica es proteger y preservar la privacidad de nuestros usuarios y clientes y la confidencialidad de la informaci\u00f3n que nos facilitan.<br> <br> \u00bfQu\u00e9 tipo de informaci\u00f3n recopilamos?<br> Datos personales. Cuando usted reserva Apoyo para Visados utilizando nuestro formulario en l\u00ednea, necesitamos la siguiente informaci\u00f3n: Su nombre y apellidos, nacionalidad, n\u00famero de pasaporte y direcciones de correo electr\u00f3nico. Para la invitaci\u00f3n a Ucrania o la invitaci\u00f3n de negocios a Rusia, tambi\u00e9n necesitamos la p\u00e1gina de datos de su pasaporte.<br> <br> Informaci\u00f3n autom\u00e1tica. Podemos recopilar autom\u00e1ticamente cierta informaci\u00f3n sobre su ordenador cuando visita nuestro sitio web. Por ejemplo, podemos recoger su direcci\u00f3n IP, el software de su navegador (como Mozilla Firefox o Internet Explorer) y el sitio web de referencia. Esto nos ayuda a determinar la mejor manera de proporcionar informaci\u00f3n \u00fatil a nuestros clientes.<br> <br> <strong>Galletas:<\/strong><br> Cuando visita nuestro sitio web, podemos asignar a su ordenador una \"cookie\". Las \"cookies\" son fragmentos de informaci\u00f3n que su navegador almacena en el disco duro de su ordenador con fines de registro. Las cookies s\u00f3lo identifican su ordenador; no le identifican a usted personalmente. Utilizamos cookies para identificar a usuarios espec\u00edficos con fines de marketing. No relacionamos las cookies con sus datos de compra. Y no utilizamos cookies para rastrear sus movimientos despu\u00e9s de salir de nuestro sitio web. Siempre puede optar por no recibir un archivo cookie activando su navegador para que rechace cookies o para que le pregunte antes de aceptar una cookie; sin embargo, desactivar las cookies puede limitar su uso de nuestro sitio web.<br> <br> <strong>C\u00f3mo utilizamos sus datos:<\/strong><br>Podemos utilizar la informaci\u00f3n personal y no personal agregada recibida de usted de las siguientes maneras:<br>- Proporcionarle la informaci\u00f3n que solicite sobre nuestros productos.<br>- Para proporcionarle consejos de viaje a trav\u00e9s de nuestro socio (si se suscribe a nuestro bolet\u00edn).<br>- Para tramitar su pedido y confirmar sus compras.<br>- Para asegurarse de que se le factura correctamente.<br>- Resolver conflictos o solucionar problemas. <\/p>\n\n\n\n<p> Mantenemos la confidencialidad de todos sus datos personales y los utilizamos para tramitar su pedido y ofrecerle consejos de viaje.<br><br> <strong>Resumen:<\/strong><br> Al acceder a este sitio y utilizar sus servicios, usted acepta incondicionalmente los t\u00e9rminos de la presente Declaraci\u00f3n de confidencialidad y de nuestra pol\u00edtica de privacidad. <a href=\"https:\/\/ruvisa.me\/es\/terminos\/\">Condiciones generales<\/a>. Usted acepta cumplir los t\u00e9rminos que rigen el uso de este sitio y sus servicios y que tambi\u00e9n rigen toda la informaci\u00f3n proporcionada por usted y otros usuarios de nuestro sitio web. Si no est\u00e1 de acuerdo con todos o alguno de los t\u00e9rminos de esta Declaraci\u00f3n de privacidad, no utilice este sitio.<\/p>","protected":false},"excerpt":{"rendered":"<p>Mode of Payment, Security of Payment, Refund Policy: The service of payment via the Internet is carried out in accordance with the rules of the international payment systems (PayPal, and accepted credit or debit cards) on the principles of confidentiality and security of payment, using the most modern methods of verification, encryption and data transmission [&#8230;]\n","protected":false},"author":1,"featured_media":0,"parent":0,"menu_order":0,"comment_status":"closed","ping_status":"closed","template":"","meta":{"footnotes":""},"class_list":["post-34","page","type-page","status-publish","hentry"],"_links":{"self":[{"href":"https:\/\/ruvisa.me\/es\/wp-json\/wp\/v2\/pages\/34","targetHints":{"allow":["GET"]}}],"collection":[{"href":"https:\/\/ruvisa.me\/es\/wp-json\/wp\/v2\/pages"}],"about":[{"href":"https:\/\/ruvisa.me\/es\/wp-json\/wp\/v2\/types\/page"}],"author":[{"embeddable":true,"href":"https:\/\/ruvisa.me\/es\/wp-json\/wp\/v2\/users\/1"}],"replies":[{"embeddable":true,"href":"https:\/\/ruvisa.me\/es\/wp-json\/wp\/v2\/comments?post=34"}],"version-history":[{"count":0,"href":"https:\/\/ruvisa.me\/es\/wp-json\/wp\/v2\/pages\/34\/revisions"}],"wp:attachment":[{"href":"https:\/\/ruvisa.me\/es\/wp-json\/wp\/v2\/media?parent=34"}],"curies":[{"name":"wp","href":"https:\/\/api.w.org\/{rel}","templated":true}]}}