{"id":931,"date":"2019-09-12T10:55:57","date_gmt":"2019-09-12T10:55:57","guid":{"rendered":"https:\/\/ruvisa.me\/?page_id=931"},"modified":"2021-10-26T20:40:38","modified_gmt":"2021-10-26T20:40:38","slug":"geschaftliche-einladung","status":"publish","type":"page","link":"https:\/\/ruvisa.me\/de\/geschaftliche-einladung\/","title":{"rendered":"Gesch\u00e4ftseinladung"},"content":{"rendered":"<section class=\"section\" id=\"section_121781391\">\n\t\t<div class=\"section-bg fill\" >\n\t\t\t\t\t\t\t\t\t\n\t\t\t\n\n\t\t<\/div>\n\n\t\t\n\n\t\t<div class=\"section-content relative\">\n\t\t\t\n\n<div class=\"row row-large align-equal align-center\"  id=\"row-354355595\">\n\n\n\t<div id=\"col-857670750\" class=\"col small-12 large-12\"  >\n\t\t\t\t<div class=\"col-inner\"  >\n\t\t\t\n\t\t\t\n\n<div class=\"row align-equal align-center\"  id=\"row-29135184\">\n\n\n\t<div id=\"col-1028334217\" class=\"col medium-7 small-12 large-8\"  >\n\t\t\t\t<div class=\"col-inner\" style=\"background-color:rgb(247, 247, 247);\" >\n\t\t\t\n\t\t\t\n\n\n\t\t<div class=\"icon-box featured-box icon-box-center text-center\"  >\n\t\t\t\t\t<div class=\"icon-box-img\" style=\"width: 100px\">\n\t\t\t\t<div class=\"icon\">\n\t\t\t\t\t<div class=\"icon-inner\" style=\"color:rgb(217, 143, 143);\">\n\t\t\t\t\t\t<img loading=\"lazy\" decoding=\"async\" width=\"220\" height=\"220\" src=\"https:\/\/ruvisa.me\/wp-content\/uploads\/2021\/10\/Frame-9-1.png\" class=\"attachment-medium size-medium\" alt=\"\" srcset=\"https:\/\/ruvisa.me\/wp-content\/uploads\/2021\/10\/Frame-9-1.png 220w, https:\/\/ruvisa.me\/wp-content\/uploads\/2021\/10\/Frame-9-1-50x50.png 50w, https:\/\/ruvisa.me\/wp-content\/uploads\/2021\/10\/Frame-9-1-100x100.png 100w, https:\/\/ruvisa.me\/wp-content\/uploads\/2021\/10\/Frame-9-1-150x150.png 150w, https:\/\/ruvisa.me\/wp-content\/uploads\/2021\/10\/Frame-9-1-24x24.png 24w, https:\/\/ruvisa.me\/wp-content\/uploads\/2021\/10\/Frame-9-1-36x36.png 36w, https:\/\/ruvisa.me\/wp-content\/uploads\/2021\/10\/Frame-9-1-48x48.png 48w\" sizes=\"auto, (max-width: 220px) 100vw, 220px\">\t\t\t\t\t<\/div>\n\t\t\t\t<\/div>\n\t\t\t<\/div>\n\t\t\t\t<div class=\"icon-box-text last-reset\">\n\t\t\t\t\t\t\t\t\t\n\n<h4><span style=\"color: #003366;\">Einladung auf dem Briefkopf des vom russischen Migrationsdienst zugelassenen Unternehmens<\/span><\/h4>\n<p>Verarbeitet innerhalb <strong>48 Stunden<\/strong><\/p>\n\t<div id=\"gap-1402934466\" class=\"gap-element clearfix\" style=\"display:block; height:auto;\">\n\t\t\n<style>\n#gap-1402934466 {\n  padding-top: 25px;\n}\n<\/style>\n\t<\/div>\n\t\n\n<a href=\"https:\/\/ruvisa.me\/de\/geschaft2\/\" class=\"button primary is-small lowercase\"  style=\"border-radius:99px;padding:7px 20px 7px 20px;\">\n\t\t<span>Einladung beantragen<\/span>\n\t<\/a>\n\n\n\n\t\t<\/div>\n\t<\/div>\n\t\n\t\n\n\t\t<\/div>\n\t\t\t\t\t<\/div>\n\n\t\n\n\t<div id=\"col-631286294\" class=\"col medium-7 small-12 large-8\"  >\n\t\t\t\t<div class=\"col-inner\" style=\"background-color:rgb(247, 247, 247);\" >\n\t\t\t\n\t\t\t\n\n\n\t\t<div class=\"icon-box featured-box icon-box-center text-center\"  >\n\t\t\t\t\t<div class=\"icon-box-img\" style=\"width: 100px\">\n\t\t\t\t<div class=\"icon\">\n\t\t\t\t\t<div class=\"icon-inner\" style=\"color:rgb(217, 143, 143);\">\n\t\t\t\t\t\t<img loading=\"lazy\" decoding=\"async\" width=\"220\" height=\"220\" src=\"https:\/\/ruvisa.me\/wp-content\/uploads\/2021\/10\/Frame-8.png\" class=\"attachment-medium size-medium\" alt=\"\" srcset=\"https:\/\/ruvisa.me\/wp-content\/uploads\/2021\/10\/Frame-8.png 220w, https:\/\/ruvisa.me\/wp-content\/uploads\/2021\/10\/Frame-8-50x50.png 50w, https:\/\/ruvisa.me\/wp-content\/uploads\/2021\/10\/Frame-8-100x100.png 100w, https:\/\/ruvisa.me\/wp-content\/uploads\/2021\/10\/Frame-8-150x150.png 150w, https:\/\/ruvisa.me\/wp-content\/uploads\/2021\/10\/Frame-8-24x24.png 24w, https:\/\/ruvisa.me\/wp-content\/uploads\/2021\/10\/Frame-8-36x36.png 36w, https:\/\/ruvisa.me\/wp-content\/uploads\/2021\/10\/Frame-8-48x48.png 48w\" sizes=\"auto, (max-width: 220px) 100vw, 220px\">\t\t\t\t\t<\/div>\n\t\t\t\t<\/div>\n\t\t\t<\/div>\n\t\t\t\t<div class=\"icon-box-text last-reset\">\n\t\t\t\t\t\t\t\t\t\n\n<h4><span style=\"color: #003366;\">Einladung des F\u00f6deralen Migrationsdienstes (elektronisch - eFMS) f\u00fcr beg\u00fcnstigte L\u00e4nder<\/span><\/h4>\n<p>Abchasien, Armenien, Australien, \u00d6sterreich, Aserbaidschan, Wei\u00dfrussland, Belgien, Bulgarien, Kanada, Kroatien, Kuba, Tschechische Republik, D\u00e4nemark, \u00c4gypten, Estland, Finnland, Frankreich, Deutschland, Griechenland, Gr\u00f6nland, Ungarn, Island, Indien, Irland, Italien, Japan, Kasachstan, Kirgisistan, Lettland, Litauen, Luxemburg, Malediven, Malta, Mexiko, Montenegro, Niederlande, Neuseeland, Norwegen, Polen, Portugal, Katar, Rum\u00e4nien, Saudi-Arabien, Serbien, Seychellen, Singapur, Slowakei, Slowenien, S\u00fcdkorea, Spanien, Sri Lanka, Schweden, Schweiz, Tadschikistan, Vereinigte Arabische Emirate, Vereinigtes K\u00f6nigreich, Vereinigte Staaten, Usbekistan, Vietnam<\/p>\n<p>Verarbeitet zwischen 12 und 25 Tagen<\/p>\n\t<div id=\"gap-1060482513\" class=\"gap-element clearfix\" style=\"display:block; height:auto;\">\n\t\t\n<style>\n#gap-1060482513 {\n  padding-top: 25px;\n}\n<\/style>\n\t<\/div>\n\t\n\n<a class=\"button primary\"  style=\"border-radius:99px;padding:7px 30px 7px 30px;\">\n\t\t<span>Nicht verf\u00fcgbar<\/span>\n\t<\/a>\n\n\n\n\t\t<\/div>\n\t<\/div>\n\t\n\t\n\n\t\t<\/div>\n\t\t\t\t\t<\/div>\n\n\t\n\n\n<style>\n#row-29135184 > .col > .col-inner {\n  padding: 40px 40px 50px 40px;\n  background-color: rgb(255,255,255);\n  border-radius: 15px;\n}\n@media (min-width:550px) {\n  #row-29135184 > .col > .col-inner {\n    padding: 20px 20px 40px 20px;\n  }\n}\n@media (min-width:850px) {\n  #row-29135184 > .col > .col-inner {\n    padding: 40px 40px 40px 40px;\n  }\n}\n<\/style>\n<\/div>\n\n\t\t<\/div>\n\t\t\t\t\t<\/div>\n\n\t\n\n<\/div>\n\n\t\t<\/div>\n\n\t\t\n<style>\n#section_121781391 {\n  padding-top: 40px;\n  padding-bottom: 40px;\n}\n@media (min-width:850px) {\n  #section_121781391 {\n    padding-top: 60px;\n    padding-bottom: 60px;\n  }\n}\n<\/style>\n\t<\/section>","protected":false},"excerpt":{"rendered":"","protected":false},"author":1,"featured_media":0,"parent":0,"menu_order":0,"comment_status":"closed","ping_status":"closed","template":"","meta":{"footnotes":""},"class_list":["post-931","page","type-page","status-publish","hentry"],"_links":{"self":[{"href":"https:\/\/ruvisa.me\/de\/wp-json\/wp\/v2\/pages\/931","targetHints":{"allow":["GET"]}}],"collection":[{"href":"https:\/\/ruvisa.me\/de\/wp-json\/wp\/v2\/pages"}],"about":[{"href":"https:\/\/ruvisa.me\/de\/wp-json\/wp\/v2\/types\/page"}],"author":[{"embeddable":true,"href":"https:\/\/ruvisa.me\/de\/wp-json\/wp\/v2\/users\/1"}],"replies":[{"embeddable":true,"href":"https:\/\/ruvisa.me\/de\/wp-json\/wp\/v2\/comments?post=931"}],"version-history":[{"count":0,"href":"https:\/\/ruvisa.me\/de\/wp-json\/wp\/v2\/pages\/931\/revisions"}],"wp:attachment":[{"href":"https:\/\/ruvisa.me\/de\/wp-json\/wp\/v2\/media?parent=931"}],"curies":[{"name":"wp","href":"https:\/\/api.w.org\/{rel}","templated":true}]}}