{"id":3929,"date":"2023-03-01T21:55:11","date_gmt":"2023-03-01T21:55:11","guid":{"rendered":"https:\/\/ruvisa.me\/?page_id=3929"},"modified":"2025-08-03T18:00:27","modified_gmt":"2025-08-03T18:00:27","slug":"hotel","status":"publish","type":"page","link":"https:\/\/ruvisa.me\/de\/hotel\/","title":{"rendered":"Hotel &amp; Flug"},"content":{"rendered":"<section class=\"section dark\" id=\"section_1923415946\">\n\t\t<div class=\"section-bg fill\" >\n\t\t\t<img loading=\"lazy\" decoding=\"async\" width=\"768\" height=\"510\" src=\"https:\/\/ruvisa.me\/wp-content\/uploads\/2023\/07\/manuel-moreno-DGa0LQ0yDPc-unsplash-768x510.jpg\" class=\"bg attachment-medium_large size-medium_large\" alt=\"Hotel buchen\" \/>\t\t\t\t\t\t<div class=\"section-bg-overlay absolute fill\"><\/div><button class=\"scroll-for-more z-5 icon absolute bottom h-center\" aria-label=\"Scrollen f\u00fcr mehr\"><i class=\"icon-angle-down\" style=\"font-size:42px;\" ><\/i><\/button>\n\t\t\t\n\n\t\t<\/div>\n\n\t\t\n\n\t\t<div class=\"section-content relative\">\n\t\t\t\n\n<div class=\"row align-center\"  id=\"row-330672851\">\n\n\n\t<div id=\"col-339248722\" class=\"col medium-10 small-12 large-10\"  >\n\t\t\t\t<div class=\"col-inner text-center\"  >\n\t\t\t\n\t\t\t\n\n\t<div id=\"text-465023306\" class=\"text\">\n\t\t\n\n<h3>Buchen Sie ein Hotel, einen Flug und einen Flughafentransfer, eine Versicherung und sparen Sie bis zu 60% bei Ihrer Buchung.<\/h3>\n\t\t\n<style>\n#text-465023306 {\n  font-size: 1.5rem;\n}\n<\/style>\n\t<\/div>\n\t\n\t<div id=\"gap-233456557\" class=\"gap-element clearfix\" style=\"display:block; height:auto;\">\n\t\t\n<style>\n#gap-233456557 {\n  padding-top: 30px;\n}\n<\/style>\n\t<\/div>\n\t\n\n\n\n<script async src=\"https:\/\/tp.media\/content?currency=usd&#038;trs=19226&#038;shmarker=296251&#038;show_hotels=true&#038;powered_by=false&#038;locale=en&#038;searchUrl=search.hotellook.com&#038;primary_override=%2319497Bff&#038;color_button=%2319497BFF&#038;color_icons=%2319497BFF&#038;secondary=%23FFFFFF&#038;dark=%23262626&#038;light=%23FFFFFF&#038;special=%23C4C4C4&#038;color_focused=%2319497BFF&#038;border_radius=5&#038;no_labels=&#038;plain=false&#038;promo_id=7873&#038;campaign_id=101\" charset=\"utf-8\"><\/script>\n\n\t<div id=\"gap-750818288\" class=\"gap-element clearfix\" style=\"display:block; height:auto;\">\n\t\t\n<style>\n#gap-750818288 {\n  padding-top: 30px;\n}\n<\/style>\n\t<\/div>\n\t\n\n\n\n<script async src=\"https:\/\/tp.media\/content?currency=usd&#038;trs=142632&#038;shmarker=296251&#038;show_hotels=true&#038;powered_by=false&#038;locale=en&#038;searchUrl=www.aviasales.com%2Fsearch&#038;primary_override=%2319497BFF&#038;color_button=%2319497BFF&#038;color_icons=%2319497BFF&#038;dark=%23262626&#038;light=%23FFFFFF&#038;secondary=%23FFFFFF&#038;special=%23C4C4C4&#038;color_focused=%2319497BFF&#038;border_radius=0&#038;plain=false&#038;promo_id=7879&#038;campaign_id=100\" charset=\"utf-8\"><\/script>\n\n\t<div id=\"gap-1428794595\" class=\"gap-element clearfix\" style=\"display:block; height:auto;\">\n\t\t\n<style>\n#gap-1428794595 {\n  padding-top: 30px;\n}\n<\/style>\n\t<\/div>\n\t\n\n\n\n<script async src=\"https:\/\/tpwgts.com\/content?trs=142632&#038;shmarker=296251&#038;locale=en&#038;color_scheme=blue&#038;view=detail&#038;h=Transfer%20bookings&#038;powered_by=true&#038;promo_id=1586&#038;campaign_id=22\" charset=\"utf-8\"><\/script>\n\n\t<div id=\"gap-283659169\" class=\"gap-element clearfix\" style=\"display:block; height:auto;\">\n\t\t\n<style>\n#gap-283659169 {\n  padding-top: 30px;\n}\n<\/style>\n\t<\/div>\n\t\n\n\t<div class=\"img has-hover x md-x lg-x y md-y lg-y\" id=\"image_287110837\">\n\t\t<a class=\"\" href=\"https:\/\/ektatraveling.tp.st\/bgw2NmbS\" target=\"_blank\" rel=\"noopener\">\t\t\t\t\t\t<div class=\"img-inner dark\" >\n\t\t\t<img loading=\"lazy\" decoding=\"async\" width=\"1020\" height=\"1020\" src=\"https:\/\/ruvisa.me\/wp-content\/uploads\/2025\/08\/Travel-insurance.png\" class=\"attachment-large size-large\" alt=\"Einladung f\u00fcr russische Touristen\" srcset=\"https:\/\/ruvisa.me\/wp-content\/uploads\/2025\/08\/Travel-insurance.png 1024w, https:\/\/ruvisa.me\/wp-content\/uploads\/2025\/08\/Travel-insurance-300x300.png 300w, https:\/\/ruvisa.me\/wp-content\/uploads\/2025\/08\/Travel-insurance-150x150.png 150w, https:\/\/ruvisa.me\/wp-content\/uploads\/2025\/08\/Travel-insurance-768x768.png 768w, https:\/\/ruvisa.me\/wp-content\/uploads\/2025\/08\/Travel-insurance-12x12.png 12w, https:\/\/ruvisa.me\/wp-content\/uploads\/2025\/08\/Travel-insurance-50x50.png 50w, https:\/\/ruvisa.me\/wp-content\/uploads\/2025\/08\/Travel-insurance-100x100.png 100w\" sizes=\"auto, (max-width: 1020px) 100vw, 1020px\" \/>\t\t\t\t\t\t\n\t\t\t\t\t<\/div>\n\t\t\t\t\t\t<\/a>\t\t\n<style>\n#image_287110837 {\n  width: 40%;\n}\n<\/style>\n\t<\/div>\n\t\n\n<div class=\"row\"  id=\"row-710519541\">\n\n\n\t<div id=\"col-334308834\" class=\"col medium-9 small-12 large-9\"  >\n\t\t\t\t<div class=\"col-inner\"  >\n\t\t\t\n\t\t\t\n\n<p>Entdecken Sie die Vorteile, die Ihnen unsere au\u00dfergew\u00f6hnlichen Angebote bieten<\/p>\n\n\t\t<\/div>\n\t\t\t\t\t<\/div>\n\n\t\n\n<\/div>\n\n\t\t<\/div>\n\t\t\t\t\t<\/div>\n\n\t\n\n<\/div>\n\n\t\t<\/div>\n\n\t\t\n<style>\n#section_1923415946 {\n  padding-top: 30px;\n  padding-bottom: 30px;\n  min-height: 600px;\n}\n#section_1923415946 .section-bg-overlay {\n  background-color: rgba(0, 0, 0, 0.5);\n}\n#section_1923415946 .section-bg img {\n  object-position: 96% 100%;\n}\n<\/style>\n\t<\/section>\n\t\n\n\t<section class=\"section\" id=\"section_1888897471\">\n\t\t<div class=\"section-bg fill\" >\n\t\t\t\t\t\t\t\t\t\n\t\t\t\n\n\t\t<\/div>\n\n\t\t\n\n\t\t<div class=\"section-content relative\">\n\t\t\t\n\n<div class=\"row\"  id=\"row-578792229\">\n\n\n\t<div id=\"col-1973316508\" class=\"col small-12 large-12\"  >\n\t\t\t\t<div class=\"col-inner text-center\"  >\n\t\t\t\n\t\t\t\n\n<h3>Warum sollten Sie unseren Dienst nutzen?<\/h3>\n\n\t\t<\/div>\n\t\t\t\t\t<\/div>\n\n\t\n\n<\/div>\n<div class=\"row align-equal row-box-shadow-2-hover\"  id=\"row-1883347633\">\n\n\n\t<div id=\"col-2115094641\" class=\"col medium-4 small-12 large-4\"  data-animate=\"bounceInUp\">\n\t\t\t\t<div class=\"col-inner\"  >\n\t\t\t\n\t\t\t\n\n\n\t<a class=\"plain\" href=\"#\" >\t<div class=\"icon-box featured-box icon-box-center text-center\"  >\n\t\t\t\t\t<div class=\"icon-box-img\" style=\"width: 40px\">\n\t\t\t\t<div class=\"icon\">\n\t\t\t\t\t<div class=\"icon-inner\" >\n\t\t\t\t\t\t<img loading=\"lazy\" decoding=\"async\" width=\"96\" height=\"96\" src=\"https:\/\/ruvisa.me\/wp-content\/uploads\/2023\/07\/user-smile-line.png\" class=\"attachment-medium size-medium\" alt=\"\" srcset=\"https:\/\/ruvisa.me\/wp-content\/uploads\/2023\/07\/user-smile-line.png 96w, https:\/\/ruvisa.me\/wp-content\/uploads\/2023\/07\/user-smile-line-24x24.png 24w, https:\/\/ruvisa.me\/wp-content\/uploads\/2023\/07\/user-smile-line-36x36.png 36w, https:\/\/ruvisa.me\/wp-content\/uploads\/2023\/07\/user-smile-line-48x48.png 48w, https:\/\/ruvisa.me\/wp-content\/uploads\/2023\/07\/user-smile-line-50x50.png 50w\" sizes=\"auto, (max-width: 96px) 100vw, 96px\">\t\t\t\t\t<\/div>\n\t\t\t\t<\/div>\n\t\t\t<\/div>\n\t\t\t\t<div class=\"icon-box-text last-reset\">\n\t\t\t\t\t\t\t\t\t\n\n\t<div id=\"text-3953109970\" class=\"text\">\n\t\t\n\n<h4>Rabatt<\/h4>\n<p><span style=\"font-size: 90%;\">Unser Patner \u00fcberwacht Angebote, sucht und vergleicht Preise von 70 Hotelbuchungsdiensten.<\/span><\/p>\n\t\t\n<style>\n#text-3953109970 {\n  font-size: 0.95rem;\n}\n<\/style>\n\t<\/div>\n\t\n\n\t\t<\/div>\n\t<\/div>\n\t<\/a>\n\t\n\n\t\t<\/div>\n\t\t\t\t\t<\/div>\n\n\t\n\n\t<div id=\"col-167595417\" class=\"col medium-4 small-12 large-4\"  data-animate=\"bounceInUp\">\n\t\t\t\t<div class=\"col-inner\"  >\n\t\t\t\n\t\t\t\n\n\n\t<a class=\"plain\" href=\"#\" >\t<div class=\"icon-box featured-box icon-box-center text-center\"  >\n\t\t\t\t\t<div class=\"icon-box-img\" style=\"width: 40px\">\n\t\t\t\t<div class=\"icon\">\n\t\t\t\t\t<div class=\"icon-inner\" >\n\t\t\t\t\t\t<img loading=\"lazy\" decoding=\"async\" width=\"96\" height=\"96\" src=\"https:\/\/ruvisa.me\/wp-content\/uploads\/2023\/07\/bank-card-2-line.png\" class=\"attachment-medium size-medium\" alt=\"\" srcset=\"https:\/\/ruvisa.me\/wp-content\/uploads\/2023\/07\/bank-card-2-line.png 96w, https:\/\/ruvisa.me\/wp-content\/uploads\/2023\/07\/bank-card-2-line-24x24.png 24w, https:\/\/ruvisa.me\/wp-content\/uploads\/2023\/07\/bank-card-2-line-36x36.png 36w, https:\/\/ruvisa.me\/wp-content\/uploads\/2023\/07\/bank-card-2-line-48x48.png 48w, https:\/\/ruvisa.me\/wp-content\/uploads\/2023\/07\/bank-card-2-line-50x50.png 50w\" sizes=\"auto, (max-width: 96px) 100vw, 96px\">\t\t\t\t\t<\/div>\n\t\t\t\t<\/div>\n\t\t\t<\/div>\n\t\t\t\t<div class=\"icon-box-text last-reset\">\n\t\t\t\t\t\t\t\t\t\n\n\t<div id=\"text-1141760903\" class=\"text\">\n\t\t\n\n<h4>Geb\u00fchren<\/h4>\n<p><span style=\"font-size: 90%;\">Unser Partner zeigt die endg\u00fcltigen Zimmerpreise an. Seien Sie versichert, dass es keine zus\u00e4tzlichen Steuern und versteckten Geb\u00fchren gibt.<\/span><\/p>\n\t\t\n<style>\n#text-1141760903 {\n  font-size: 0.95rem;\n}\n<\/style>\n\t<\/div>\n\t\n\n\t\t<\/div>\n\t<\/div>\n\t<\/a>\n\t\n\n\t\t<\/div>\n\t\t\t\t\t<\/div>\n\n\t\n\n\t<div id=\"col-1403266150\" class=\"col medium-4 small-12 large-4\"  data-animate=\"bounceInUp\">\n\t\t\t\t<div class=\"col-inner\"  >\n\t\t\t\n\t\t\t\n\n\n\t<a class=\"plain\" href=\"#\" >\t<div class=\"icon-box featured-box icon-box-center text-center\"  >\n\t\t\t\t\t<div class=\"icon-box-img\" style=\"width: 40px\">\n\t\t\t\t<div class=\"icon\">\n\t\t\t\t\t<div class=\"icon-inner\" >\n\t\t\t\t\t\t<img loading=\"lazy\" decoding=\"async\" width=\"96\" height=\"96\" src=\"https:\/\/ruvisa.me\/wp-content\/uploads\/2023\/07\/arrow-left-right-line.png\" class=\"attachment-medium size-medium\" alt=\"\" srcset=\"https:\/\/ruvisa.me\/wp-content\/uploads\/2023\/07\/arrow-left-right-line.png 96w, https:\/\/ruvisa.me\/wp-content\/uploads\/2023\/07\/arrow-left-right-line-24x24.png 24w, https:\/\/ruvisa.me\/wp-content\/uploads\/2023\/07\/arrow-left-right-line-36x36.png 36w, https:\/\/ruvisa.me\/wp-content\/uploads\/2023\/07\/arrow-left-right-line-48x48.png 48w, https:\/\/ruvisa.me\/wp-content\/uploads\/2023\/07\/arrow-left-right-line-50x50.png 50w\" sizes=\"auto, (max-width: 96px) 100vw, 96px\">\t\t\t\t\t<\/div>\n\t\t\t\t<\/div>\n\t\t\t<\/div>\n\t\t\t\t<div class=\"icon-box-text last-reset\">\n\t\t\t\t\t\t\t\t\t\n\n\t<div id=\"text-2721151921\" class=\"text\">\n\t\t\n\n<h4>Bereich<\/h4>\n<p><span style=\"font-size: 90%;\">Unser Partner durchsucht sowohl gro\u00dfe Buchungsseiten als auch kleine lokale Systeme, selbst kleine Familienhotels werden aufgelistet.<\/span><\/p>\n\t\t\n<style>\n#text-2721151921 {\n  font-size: 0.95rem;\n}\n<\/style>\n\t<\/div>\n\t\n\n\t\t<\/div>\n\t<\/div>\n\t<\/a>\n\t\n\n\t\t<\/div>\n\t\t\t\t\t<\/div>\n\n\t\n\n\n<style>\n#row-1883347633 > .col > .col-inner {\n  padding: 40px 40px 40px 40px;\n  background-color: rgb(255,255,255);\n  border-radius: 20px;\n}\n<\/style>\n<\/div>\n\n\t\t<\/div>\n\n\t\t\n<style>\n#section_1888897471 {\n  padding-top: 60px;\n  padding-bottom: 60px;\n  background-color: rgb(250, 250, 250);\n}\n<\/style>\n\t<\/section>","protected":false},"excerpt":{"rendered":"","protected":false},"author":1,"featured_media":0,"parent":0,"menu_order":0,"comment_status":"closed","ping_status":"closed","template":"page-blank.php","meta":{"footnotes":""},"class_list":["post-3929","page","type-page","status-publish","hentry"],"_links":{"self":[{"href":"https:\/\/ruvisa.me\/de\/wp-json\/wp\/v2\/pages\/3929","targetHints":{"allow":["GET"]}}],"collection":[{"href":"https:\/\/ruvisa.me\/de\/wp-json\/wp\/v2\/pages"}],"about":[{"href":"https:\/\/ruvisa.me\/de\/wp-json\/wp\/v2\/types\/page"}],"author":[{"embeddable":true,"href":"https:\/\/ruvisa.me\/de\/wp-json\/wp\/v2\/users\/1"}],"replies":[{"embeddable":true,"href":"https:\/\/ruvisa.me\/de\/wp-json\/wp\/v2\/comments?post=3929"}],"version-history":[{"count":0,"href":"https:\/\/ruvisa.me\/de\/wp-json\/wp\/v2\/pages\/3929\/revisions"}],"wp:attachment":[{"href":"https:\/\/ruvisa.me\/de\/wp-json\/wp\/v2\/media?parent=3929"}],"curies":[{"name":"wp","href":"https:\/\/api.w.org\/{rel}","templated":true}]}}