{"id":36,"date":"2019-07-29T17:04:47","date_gmt":"2019-07-29T17:04:47","guid":{"rendered":"https:\/\/ruvisa.me\/?page_id=36"},"modified":"2026-02-16T20:37:16","modified_gmt":"2026-02-16T20:37:16","slug":"bedingungen","status":"publish","type":"page","link":"https:\/\/ruvisa.me\/de\/bedingungen\/","title":{"rendered":"Allgemeine Gesch\u00e4ftsbedingungen"},"content":{"rendered":"<p>Mit der Beantragung von Visumunterst\u00fctzungsdokumenten erkl\u00e4ren Sie sich mit den nachstehenden Nutzungsbedingungen einverstanden:<\/p>\n\n\n\n<p>1. Die kostenpflichtigen Online-Visa-Unterst\u00fctzungsdokumente werden \u00fcber unsere akkreditierten Reiseveranstalter \u201ciVisa, LLC\u201d \u201cLLC Corvinus Travel\u201d und \u201cIVA Travel Partners\u201d angefordert und auf dieser Website \u00fcber Eutraverse Ventures bereitgestellt.<\/p>\n\n\n\n<p>2. Eutraverse Ventures verpflichtet sich, einen Visa-Support zur Verf\u00fcgung zu stellen, der 30 Tage vor der Beantragung eines Touristenvisums f\u00fcr Russland oder die Ukraine eingereicht werden sollte. Bei diesem Dokument handelt es sich nicht um ein Visum. Es ist ein erforderliches Dokument zur Beantragung eines Visums f\u00fcr die Einreise in das Hoheitsgebiet der Russischen F\u00f6deration oder der Ukraine; es garantiert nicht die Erteilung eines Visums f\u00fcr Russland oder die Ukraine.<\/p>\n\n\n\n<p>3. Eutraverse Ventures sendet den Visa Support im PDF-Format. Das Dokument wird an die beim Ausf\u00fcllen des Antragsformulars angegebene E-Mail-Adresse gesendet. Wir senden die Originalkopie der ukrainischen Einladung an die von Ihnen angegebene Adresse. Das Original der russischen Einladung senden wir nicht mehr, da die russischen Konsulate in den meisten L\u00e4ndern die ausgedruckte PDF-Kopie akzeptieren.<\/p>\n\n\n\n<p>4. Die Eutraverse Ventures haftet NICHT f\u00fcr die Nichterteilung eines Visums f\u00fcr Russland oder die Ukraine. Die Entscheidung in dieser Angelegenheit liegt ausschlie\u00dflich in der Zust\u00e4ndigkeit des russischen oder ukrainischen Konsulats. Die Eutraverse Ventures haftet NICHT f\u00fcr Sch\u00e4den oder Verluste, die entstehen, wenn ein Visum verweigert wird, sich verz\u00f6gert oder andere Schwierigkeiten bei der Ein- oder Ausreise nach Russland oder in die Ukraine auftreten.<\/p>\n\n\n\n<p>5. Eutraverse Ventures haftet NICHT im Falle von Versicherungsf\u00e4llen, Zwischenf\u00e4llen, Verbrechen gegen ausl\u00e4ndische Touristen oder deren Eigentum sowie im Falle von Transport-, Finanz- oder anderen Problemen, die mit der Organisation einer Reise nach Russland oder in die Ukraine f\u00fcr einen ausl\u00e4ndischen Touristen verbunden sind.<\/p>\n\n\n\n<p>6. Um die Visa-Unterst\u00fctzung zu erhalten, sollte ein Antragsteller alle erforderlichen Daten, einschlie\u00dflich der Passdaten jedes Besuchers, angeben. Eutraverse Ventures haftet nicht f\u00fcr Schwierigkeiten, die sich ergeben, wenn Sie falsche Angaben gemacht haben.<\/p>\n\n\n\n<p>7. Eutraverse Ventures wird f\u00fcr jeden Antrag auf Visa-Unterst\u00fctzung eine bestimmte Geb\u00fchr von der Kredit-\/Debitkarte oder dem Paypal-Konto abbuchen, das Sie bei der Antragstellung angegeben haben. Dieser Geb\u00fchrenbetrag wird von der Kredit-\/Debitkarte oder dem Paypal-Konto abgebucht, sobald Ihr Antrag auf Visa-Unterst\u00fctzung abgeschlossen ist. Es ist ratsam, dass Sie im Voraus pr\u00fcfen, ob Sie \u00fcber gen\u00fcgend Geldmittel verf\u00fcgen, um die Geb\u00fchr auf Ihrer Kredit-\/Debitkarte oder Ihrem Paypal-Konto zu bezahlen. Diese Geb\u00fchr ist NICHT ERSTATTUNGSF\u00c4HIG.<\/p>\n\n\n\n<p>8. Sie m\u00fcssen Ihr Visum innerhalb von drei Arbeitstagen nach Ihrer Ankunft in Russland bei der \u00f6rtlichen Vertretung des Migrationsdienstes der Russischen F\u00f6deration registrieren lassen. Die Verantwortung f\u00fcr die rechtzeitige Registrierung liegt allein bei Ihnen oder der Einrichtung, die Ihr Hotel oder Ihre Wohnung zur Verf\u00fcgung stellt. Wir wiederholen, dass Sie Ihr Visum so bald wie m\u00f6glich nach Ihrer Ankunft in der Russischen F\u00f6deration registrieren lassen m\u00fcssen.<\/p>\n\n\n\n<p>9. Mit der Zustimmung zu dieser Dienstleistungsvereinbarung erkl\u00e4ren Sie sich mit der Sammlung, Systematisierung, Akkumulation, Speicherung und Nutzung von personenbezogenen Daten einverstanden: Name, E-Mail-Adresse und Staatsangeh\u00f6rigkeit. Diese pers\u00f6nlichen Daten werden ben\u00f6tigt, um den Kunden die Dienstleistungen zur Verf\u00fcgung zu stellen oder um auf Kundenanfragen zu reagieren. Die angegebenen personenbezogenen Daten werden in den Reiseunterlagen, Berichtsbl\u00e4ttern und Buchhaltungsunterlagen angezeigt.<\/p>\n\n\n\n<p>10. Sie k\u00f6nnen eine Kopie der Vereinbarung nach eigenem Ermessen ausdrucken oder speichern.<\/p>\n\n\n\n<p>Lieferpolitik:<\/p>\n\n\n\n<p>F\u00fcr ukrainische Einladungen berechnen wir $80 f\u00fcr die Lieferung der Originalkopie. Die Kosten k\u00f6nnen beim Ausf\u00fcllen des Formulars hinzugef\u00fcgt werden. Die Originalkopie wird durch Aramex geliefert. In der Regel dauert es 5-15 Werktage, bis die Originalkopie geliefert wird.<\/p>\n\n\n\n<p>Wir versenden nicht mehr das Original der russischen Einladung, da das russische Konsulat in den meisten L\u00e4ndern die gedruckte PDF-Kopie akzeptiert.<\/p>\n\n\n\n<p><strong>Vertraulichkeit der Informationen:<\/strong><\/p>\n\n\n\n<p>Es ist unsere Politik, die Privatsph\u00e4re unserer Nutzer und Kunden und die Vertraulichkeit der von ihnen bereitgestellten Informationen zu sch\u00fctzen und zu wahren.<br><br>Welche Arten von Informationen werden von uns gesammelt?<br>Pers\u00f6nliche Daten. Wenn Sie den Visa-Support \u00fcber unser Online-Formular buchen, ben\u00f6tigen wir die folgenden Informationen: Ihren Vor- und Nachnamen, Ihre Nationalit\u00e4t, Ihre Reisepassnummer und Ihre E-Mail-Adresse. F\u00fcr ukrainische Einladungen oder russische Einladungen f\u00fcr L\u00e4nder mit Migrationsrisiko ben\u00f6tigen wir au\u00dferdem Ihre Passdatenseite.<br><br>Automatische Informationen. Wir k\u00f6nnen automatisch einige Informationen \u00fcber Ihren Computer sammeln, wenn Sie unsere Website besuchen. So k\u00f6nnen wir beispielsweise Ihre IP-Adresse, Ihre Webbrowser-Software (wie Mozilla Firefox oder Internet Explorer) und die verweisende Website erfassen. Auf diese Weise k\u00f6nnen wir feststellen, wie wir unseren Kunden am besten n\u00fctzliche Informationen zur Verf\u00fcgung stellen k\u00f6nnen.<br><br>Kekse:<br>Wenn Sie unsere Website besuchen, k\u00f6nnen wir Ihrem Computer ein \"Cookie\" zuweisen. \"Cookies\" sind Informationen, die von Ihrem Webbrowser auf der Festplatte Ihres Computers gespeichert werden, um Aufzeichnungen zu f\u00fchren. Cookies identifizieren nur Ihren Computer, sie identifizieren Sie nicht pers\u00f6nlich. Wir verwenden Cookies, um bestimmte Benutzer f\u00fcr Marketingzwecke zu identifizieren. Wir verkn\u00fcpfen Cookies nicht mit Ihren Kaufinformationen. Und wir verwenden Cookies nicht, um Ihre Bewegungen nach dem Verlassen unserer Website zu verfolgen. Sie k\u00f6nnen sich jederzeit daf\u00fcr entscheiden, keine Cookie-Datei zu erhalten, indem Sie Ihren Webbrowser so einstellen, dass er Cookies ablehnt oder Sie auffordert, ein Cookie zu akzeptieren; allerdings kann die Deaktivierung von Cookies Ihre Nutzung unserer Website einschr\u00e4nken.<br><br>Wie wir Ihre Daten verwenden:<br>Wir k\u00f6nnen die von Ihnen erhaltenen pers\u00f6nlichen und zusammengefassten nicht-pers\u00f6nlichen Daten auf folgende Weise verwenden:<br>- Um Ihnen die von Ihnen gew\u00fcnschten Informationen \u00fcber unsere Produkte zukommen zu lassen.<br>- Um Ihnen Reisetipps durch unseren Partner zukommen zu lassen (wenn Sie unseren Newsletter abonnieren).<br>- Um Ihre Bestellung auszuf\u00fchren und Ihre Eink\u00e4ufe zu best\u00e4tigen.<br>-Um sicherzustellen, dass Sie korrekt abgerechnet werden.<br>- Beilegung von Streitigkeiten oder Behebung von Problemen.<\/p>\n\n\n\n<p>Wir behandeln alle Ihre pers\u00f6nlichen Daten vertraulich und verwenden sie zum Zweck Ihrer Bestellung und um Ihnen Reisetipps zu geben.<br><br><strong>Zusammenfassung:<\/strong><br>Indem Sie auf diese Website zugreifen und ihre Dienste nutzen, erkl\u00e4ren Sie sich vorbehaltlos mit den Bedingungen dieser Datenschutzerkl\u00e4rung und unseren Allgemeinen Gesch\u00e4ftsbedingungen einverstanden. Sie verpflichten sich, die Bedingungen einzuhalten, die f\u00fcr die Nutzung dieser Website und ihrer Dienste gelten und die auch f\u00fcr alle von Ihnen und anderen Nutzern unserer Website bereitgestellten Informationen gelten. Wenn Sie nicht mit allen oder einigen der Bedingungen dieser Datenschutzerkl\u00e4rung einverstanden sind, benutzen Sie diese Website bitte nicht.<\/p>","protected":false},"excerpt":{"rendered":"<p>By initiating the application for visa support documents, you agree to the terms of service set forth below: 1.\u00a0The paid online visa support documents are requested through our accredited tour operators, &#8220;iVisa, LLC&#8221; &#8220;LLC Corvinus Travel&#8221; and &#8220;IVA Travel Partners,&#8221; and supplied on this website through Eutraverse Ventures. 2. Eutraverse Ventures undertakes to provide Visa [&#8230;]\n","protected":false},"author":1,"featured_media":0,"parent":0,"menu_order":0,"comment_status":"closed","ping_status":"closed","template":"","meta":{"footnotes":""},"class_list":["post-36","page","type-page","status-publish","hentry"],"_links":{"self":[{"href":"https:\/\/ruvisa.me\/de\/wp-json\/wp\/v2\/pages\/36","targetHints":{"allow":["GET"]}}],"collection":[{"href":"https:\/\/ruvisa.me\/de\/wp-json\/wp\/v2\/pages"}],"about":[{"href":"https:\/\/ruvisa.me\/de\/wp-json\/wp\/v2\/types\/page"}],"author":[{"embeddable":true,"href":"https:\/\/ruvisa.me\/de\/wp-json\/wp\/v2\/users\/1"}],"replies":[{"embeddable":true,"href":"https:\/\/ruvisa.me\/de\/wp-json\/wp\/v2\/comments?post=36"}],"version-history":[{"count":1,"href":"https:\/\/ruvisa.me\/de\/wp-json\/wp\/v2\/pages\/36\/revisions"}],"predecessor-version":[{"id":5434,"href":"https:\/\/ruvisa.me\/de\/wp-json\/wp\/v2\/pages\/36\/revisions\/5434"}],"wp:attachment":[{"href":"https:\/\/ruvisa.me\/de\/wp-json\/wp\/v2\/media?parent=36"}],"curies":[{"name":"wp","href":"https:\/\/api.w.org\/{rel}","templated":true}]}}