{"id":34,"date":"2019-07-29T17:02:57","date_gmt":"2019-07-29T17:02:57","guid":{"rendered":"https:\/\/ruvisa.me\/?page_id=34"},"modified":"2023-07-01T13:15:47","modified_gmt":"2023-07-01T13:15:47","slug":"datenschutz","status":"publish","type":"page","link":"https:\/\/ruvisa.me\/de\/datenschutz\/","title":{"rendered":"Datenschutzbestimmungen"},"content":{"rendered":"<p><strong>Zahlungsweise, Zahlungssicherheit, Erstattungspolitik:<\/strong><\/p>\n\n\n\n<p>Der Service der Zahlung \u00fcber das Internet wird in \u00dcbereinstimmung mit den Regeln der internationalen Zahlungssysteme (PayPal, und akzeptierte Kredit-oder Debitkarten) auf den Grunds\u00e4tzen der Vertraulichkeit und Sicherheit der Zahlung, mit den modernsten Methoden der \u00dcberpr\u00fcfung, Verschl\u00fcsselung und Daten\u00fcbertragung durch geschlossene Kommunikationskan\u00e4le durchgef\u00fchrt.<br> <br> Auf der Seite f\u00fcr die Eingabe der Daten der Bankkarte m\u00fcssen Sie die Kartennummer, den Namen des Karteninhabers, die G\u00fcltigkeitsdauer der Karte und den dreistelligen Sicherheitscode (CVV2 f\u00fcr VISA oder CVC2 f\u00fcr MasterCard) eingeben. Alle erforderlichen Daten sind auf der Karte selbst aufgedruckt.<br> Der dreistellige Sicherheitscode ist die dreistellige Zahl auf der R\u00fcckseite der Karte.<br> <br> Wir sind m\u00f6glicherweise nicht in der Lage, Ihre Zahlung zu bearbeiten:<br> - Wenn Ihre Bankkarte nicht f\u00fcr Zahlungen \u00fcber das Internet geeignet ist, k\u00f6nnen Sie sich bei Ihrer Bank erkundigen.<br> - Wenn das Geld auf der Bankkarte nicht ausreicht, k\u00f6nnen Sie sich bei der Bank, die die Bankkarte ausgestellt hat, \u00fcber die Verf\u00fcgbarkeit von Guthaben auf der Bankkarte informieren.<br> - Wenn die Daten der Bankkarte falsch eingegeben wurden.<br> - Wenn die G\u00fcltigkeitsdauer der Bankkarte abgelaufen ist. Die G\u00fcltigkeitsdauer der Karte ist in der Regel auf der Vorderseite der Karte angegeben (es handelt sich um den Monat und das Jahr, bis zu dem die Karte g\u00fcltig ist).<br> <br> Die von Ihnen zur Verf\u00fcgung gestellten pers\u00f6nlichen Daten (Name, Adresse, Telefonnummer, E-Mail, Bankkartennummer) sind vertraulich und werden nicht weitergegeben. Ihre Kreditkartendaten werden nur in verschl\u00fcsselter Form \u00fcbertragen und nicht auf unserem Webserver gespeichert.<br> <\/p>\n\n\n\n<p><strong>Erstattungspolitik<\/strong>:<\/p>\n\n\n\n<p>Die Zahlung f\u00fcr das Dokument \"Visa Support\" ist NICHT R\u00dcCKZAHLBAR. Jede Stornierung verursacht also eine Geb\u00fchr in H\u00f6he von 100% des Gesamtpreises. Wir k\u00f6nnen eine \u00c4nderung anbieten, wenn die Informationen, die Sie beim Ausf\u00fcllen des Formulars angegeben haben, fehlerhaft waren.<\/p>\n\n\n\n<p><strong>Vertraulichkeit der Informationen:<\/strong><\/p>\n\n\n\n<p>Es ist unsere Politik, die Privatsph\u00e4re unserer Nutzer und Kunden und die Vertraulichkeit der von ihnen bereitgestellten Informationen zu sch\u00fctzen und zu wahren.<br> <br> Welche Arten von Informationen werden von uns gesammelt?<br> Pers\u00f6nliche Daten. Wenn Sie den Visa-Support \u00fcber unser Online-Formular buchen, ben\u00f6tigen wir die folgenden Informationen: Ihren Vor- und Nachnamen, Ihre Staatsangeh\u00f6rigkeit, Ihre Reisepassnummer und Ihre E-Mail-Adresse. F\u00fcr eine Einladung in die Ukraine oder eine russische Gesch\u00e4ftseinladung ben\u00f6tigen wir au\u00dferdem die Daten Ihres Reisepasses.<br> <br> Automatische Informationen. Wir k\u00f6nnen automatisch einige Informationen \u00fcber Ihren Computer sammeln, wenn Sie unsere Website besuchen. So k\u00f6nnen wir beispielsweise Ihre IP-Adresse, Ihre Webbrowser-Software (wie Mozilla Firefox oder Internet Explorer) und die verweisende Website erfassen. Auf diese Weise k\u00f6nnen wir feststellen, wie wir unseren Kunden am besten n\u00fctzliche Informationen zur Verf\u00fcgung stellen k\u00f6nnen.<br> <br> <strong>Kekse:<\/strong><br> Wenn Sie unsere Website besuchen, k\u00f6nnen wir Ihrem Computer ein \"Cookie\" zuweisen. \"Cookies\" sind Informationen, die von Ihrem Webbrowser auf der Festplatte Ihres Computers gespeichert werden, um Aufzeichnungen zu f\u00fchren. Cookies identifizieren nur Ihren Computer, sie identifizieren Sie nicht pers\u00f6nlich. Wir verwenden Cookies, um bestimmte Benutzer f\u00fcr Marketingzwecke zu identifizieren. Wir verkn\u00fcpfen Cookies nicht mit Ihren Kaufinformationen. Und wir verwenden Cookies nicht, um Ihre Bewegungen nach dem Verlassen unserer Website zu verfolgen. Sie k\u00f6nnen sich jederzeit daf\u00fcr entscheiden, keine Cookie-Datei zu erhalten, indem Sie Ihren Webbrowser so einstellen, dass er Cookies ablehnt oder Sie auffordert, ein Cookie zu akzeptieren; allerdings kann die Deaktivierung von Cookies Ihre Nutzung unserer Website einschr\u00e4nken.<br> <br> <strong>Wie wir Ihre Daten verwenden:<\/strong><br>Wir k\u00f6nnen die von Ihnen erhaltenen pers\u00f6nlichen und zusammengefassten nicht-pers\u00f6nlichen Daten auf folgende Weise verwenden:<br>- Um Ihnen die von Ihnen gew\u00fcnschten Informationen \u00fcber unsere Produkte zukommen zu lassen.<br>- Um Ihnen Reisetipps durch unseren Partner zukommen zu lassen (wenn Sie unseren Newsletter abonnieren).<br>- Um Ihre Bestellung auszuf\u00fchren und Ihre Eink\u00e4ufe zu best\u00e4tigen.<br>- Um sicherzustellen, dass Sie korrekt abgerechnet werden.<br>- Beilegung von Streitigkeiten oder Behebung von Problemen. <\/p>\n\n\n\n<p> Wir behandeln alle Ihre pers\u00f6nlichen Daten vertraulich und verwenden sie zum Zweck Ihrer Bestellung und um Ihnen Reisetipps zu geben.<br><br> <strong>Zusammenfassung:<\/strong><br> Indem Sie auf diese Website zugreifen und ihre Dienste nutzen, erkl\u00e4ren Sie sich vorbehaltlos mit den Bedingungen dieser Datenschutzerkl\u00e4rung und unserer <a href=\"https:\/\/ruvisa.me\/de\/bedingungen\/\">Bedingungen und Konditionen<\/a>. Sie erkl\u00e4ren sich damit einverstanden, die Bedingungen einzuhalten, die f\u00fcr die Nutzung dieser Website und ihrer Dienste gelten und die auch f\u00fcr alle von Ihnen und anderen Nutzern unserer Website bereitgestellten Informationen gelten. Wenn Sie nicht mit allen oder einigen der Bedingungen dieser Datenschutzerkl\u00e4rung einverstanden sind, benutzen Sie diese Website bitte nicht.<\/p>","protected":false},"excerpt":{"rendered":"<p>Mode of Payment, Security of Payment, Refund Policy: The service of payment via the Internet is carried out in accordance with the rules of the international payment systems (PayPal, and accepted credit or debit cards) on the principles of confidentiality and security of payment, using the most modern methods of verification, encryption and data transmission [&#8230;]\n","protected":false},"author":1,"featured_media":0,"parent":0,"menu_order":0,"comment_status":"closed","ping_status":"closed","template":"","meta":{"footnotes":""},"class_list":["post-34","page","type-page","status-publish","hentry"],"_links":{"self":[{"href":"https:\/\/ruvisa.me\/de\/wp-json\/wp\/v2\/pages\/34","targetHints":{"allow":["GET"]}}],"collection":[{"href":"https:\/\/ruvisa.me\/de\/wp-json\/wp\/v2\/pages"}],"about":[{"href":"https:\/\/ruvisa.me\/de\/wp-json\/wp\/v2\/types\/page"}],"author":[{"embeddable":true,"href":"https:\/\/ruvisa.me\/de\/wp-json\/wp\/v2\/users\/1"}],"replies":[{"embeddable":true,"href":"https:\/\/ruvisa.me\/de\/wp-json\/wp\/v2\/comments?post=34"}],"version-history":[{"count":0,"href":"https:\/\/ruvisa.me\/de\/wp-json\/wp\/v2\/pages\/34\/revisions"}],"wp:attachment":[{"href":"https:\/\/ruvisa.me\/de\/wp-json\/wp\/v2\/media?parent=34"}],"curies":[{"name":"wp","href":"https:\/\/api.w.org\/{rel}","templated":true}]}}